{"id":78,"date":"2023-09-03T16:28:40","date_gmt":"2023-09-03T16:28:40","guid":{"rendered":"https:\/\/kinderarzt-strobel.de\/?page_id=78"},"modified":"2026-01-09T08:53:30","modified_gmt":"2026-01-09T08:53:30","slug":"","status":"publish","type":"page","link":"https:\/\/www.kinderaerztin-strobel.de\/en\/notdienst\/","title":{"rendered":"Emergency service ","raw":"Emergency service "},"content":{"rendered":"\n<p>Pediatrician on call<\/p>\n\n\n\n<p class=\"has-vivid-red-color has-text-color\"><strong>In case of life-threatening illness! (seizure, severe respiratory distress, prolonged unconsciousness, severe accident, etc.).<\/strong><\/p>\n\n\n\n<p class=\"has-text-align-left has-vivid-red-color has-text-color has-medium-font-size\"><strong>Phone 112<\/strong><\/p>\n\n\n\n<p class=\"has-vivid-green-cyan-color has-text-color has-medium-font-size\"><strong>Poison emergency <a href=\"tel:+498919240\">089 &#8211; 19 240<\/a><\/strong><\/p>\n\n\n\n<p><strong>Illnesses outside office hours<\/strong><br>In addition to the general on-call service, the pediatricians of Erlangen offer an &#8220;emergency consultation hour for children&#8221;: <\/p>\n\n\n\n<figure class=\"wp-block-table is-style-stripes\"><table><tbody><tr><td>Wednesday <\/td><td>13.00-22.00 Uhr<\/td><\/tr><tr><td>Friday <\/td><td>13.00-22.00 Uhr<\/td><\/tr><tr><td>Saturday \/ Sunday<\/td><td>8.00-22.00 Uhr<\/td><\/tr><\/tbody><\/table><\/figure>\n\n\n\n<p><strong>Our answering machine (phone <a href=\"tel:+49913190590\">09131-90590<\/a>) or the general medical  on call-services (phone <a href=\"tel:\">116 <\/a><a href=\"tel:+49116 117\">117<\/a>) will tell you the pediatrician&#8217;s office on duty.<\/strong><\/p>\n\n\n<div class=\"wp-block-image\">\n<figure class=\"aligncenter size-full\"><img loading=\"lazy\" decoding=\"async\" width=\"400\" height=\"287\" src=\"http:\/\/kinderarzt-strobel.de\/wp-content\/uploads\/2023\/09\/krankenwagen.jpg\" alt=\"\" class=\"wp-image-82\" srcset=\"https:\/\/www.kinderaerztin-strobel.de\/wp-content\/uploads\/2023\/09\/krankenwagen.jpg 400w, https:\/\/www.kinderaerztin-strobel.de\/wp-content\/uploads\/2023\/09\/krankenwagen-300x215.jpg 300w\" sizes=\"auto, (max-width: 400px) 100vw, 400px\" \/><\/figure>\n<\/div>\n\n\n<p><em>Please register with the pediatrician&#8217;s office by phone!<\/em><\/p>\n\n\n\n<p>Please bring with you:<br>Health insurance card<br>previous medication<br>vaccination certificate in case of injuries and accidents<\/p>\n\n\n\n<p>Medical care is available exclusively at the pediatrician&#8217;s office, as home visits are unfortunately not possible due to capacity constraints.<\/p>\n\n\n\n<p>On Monday, Tuesday and Thursday you can reach me in urgent cases outside office hours at my mobile phone number (answering machine). After 10 p.m. (Wednesday, Friday, Saturday and Sunday) and if the practice on duty is not available, please contact the general medical on-call service phone 116 117 or to the<br>Clinic for Children and Youth, Loschgestr. 15, 91054 Erlangen, Germany.<\/p>\n\n\n\n<p><strong>Our practice has emergency service in 2026 on:<\/strong><\/p>\n\n\n\n<div class=\"wp-block-media-text has-media-on-the-right is-stacked-on-mobile\"><div class=\"wp-block-media-text__content\">\n<p>Wednesday, 04 February<\/p>\n\n\n\n<p>Sunday, 22 February<\/p>\n\n\n\n<p>Friday\/Saturday, 13 \/14 March<\/p>\n\n\n\n<p>Wednesday, 08 April<\/p>\n\n\n\n<p>Sunday, 03 May<\/p>\n\n\n\n<p>Friday\/Saturday, 15 \/16 May<\/p>\n\n\n\n<p>Monday, 25 May<\/p>\n\n\n\n<p>Wednesday, 03 June<\/p>\n\n\n\n<p>Sunday, 02 August<\/p>\n\n\n\n<p>Friday\/Saturday, 28 \/29 August<\/p>\n\n\n\n<p>Wednesday, 30 September<\/p>\n\n\n\n<p>Friday\/Saturday, 23 \/24 October<\/p>\n\n\n\n<p>Sunday, 22 November<\/p>\n\n\n\n<p>Friday\/Saturday, 18 \/19 December<\/p>\n\n\n\n<p>Sunday, 03 January 2027<\/p>\n<\/div><figure class=\"wp-block-media-text__media\"><img loading=\"lazy\" decoding=\"async\" width=\"300\" height=\"248\" src=\"https:\/\/kinderarzt-strobel.de\/wp-content\/uploads\/2023\/09\/uhr.jpg\" alt=\"\" class=\"wp-image-91 size-full\"\/><\/figure><\/div>\n\n\n\n<p>Would you like to be kept up to date?<br>Then register with the practice app &#8220;Meine p\u00e4diatrische Praxis&#8221; (<a href=\"https:\/\/apps.apple.com\/de\/app\/meine-p%C3%A4diatrische-praxis\/id921469943\">iOS<\/a>, <a href=\"https:\/\/play.google.com\/store\/apps\/details?id=com.monks.praxis_app.kin&amp;pcampaignid=web_share\">Android<\/a>).<\/p>\n","protected":false,"raw":"<!-- wp:paragraph -->\n<p>Pediatrician on call<\/p>\n<!-- \/wp:paragraph -->\n\n<!-- wp:paragraph {\"textColor\":\"vivid-red\"} -->\n<p class=\"has-vivid-red-color has-text-color\"><strong>In case of life-threatening illness! (seizure, severe respiratory distress, prolonged unconsciousness, severe accident, etc.).<\/strong><\/p>\n<!-- \/wp:paragraph -->\n\n<!-- wp:paragraph {\"align\":\"left\",\"textColor\":\"vivid-red\",\"fontSize\":\"medium\"} -->\n<p class=\"has-text-align-left has-vivid-red-color has-text-color has-medium-font-size\"><strong>Phone 112<\/strong><\/p>\n<!-- \/wp:paragraph -->\n\n<!-- wp:paragraph {\"textColor\":\"vivid-green-cyan\",\"fontSize\":\"medium\"} -->\n<p class=\"has-vivid-green-cyan-color has-text-color has-medium-font-size\"><strong>Poison emergency <a href=\"tel:+498919240\">089 - 19 240<\/a><\/strong><\/p>\n<!-- \/wp:paragraph -->\n\n<!-- wp:paragraph -->\n<p><strong>Illnesses outside office hours<\/strong><br>In addition to the general on-call service, the pediatricians of Erlangen offer an \"emergency consultation hour for children\": <\/p>\n<!-- \/wp:paragraph -->\n\n<!-- wp:table {\"hasFixedLayout\":false,\"className\":\"is-style-stripes\"} -->\n<figure class=\"wp-block-table is-style-stripes\"><table><tbody><tr><td>Wednesday <\/td><td>13.00-22.00 Uhr<\/td><\/tr><tr><td>Friday <\/td><td>13.00-22.00 Uhr<\/td><\/tr><tr><td>Saturday \/ Sunday<\/td><td>8.00-22.00 Uhr<\/td><\/tr><\/tbody><\/table><\/figure>\n<!-- \/wp:table -->\n\n<!-- wp:paragraph -->\n<p><strong>Our answering machine (phone <a href=\"tel:+49913190590\">09131-90590<\/a>) or the general medical  on call-services (phone <a href=\"tel:\">116 <\/a><a href=\"tel:+49116 117\">117<\/a>) will tell you the pediatrician's office on duty.<\/strong><\/p>\n<!-- \/wp:paragraph -->\n\n<!-- wp:image {\"id\":82,\"sizeSlug\":\"full\",\"linkDestination\":\"none\",\"align\":\"center\"} -->\n<figure class=\"wp-block-image aligncenter size-full\"><img src=\"http:\/\/kinderarzt-strobel.de\/wp-content\/uploads\/2023\/09\/krankenwagen.jpg\" alt=\"\" class=\"wp-image-82\"\/><\/figure>\n<!-- \/wp:image -->\n\n<!-- wp:paragraph -->\n<p><em>Please register with the pediatrician's office by phone!<\/em><\/p>\n<!-- \/wp:paragraph -->\n\n<!-- wp:paragraph -->\n<p>Please bring with you:<br>Health insurance card<br>previous medication<br>vaccination certificate in case of injuries and accidents<\/p>\n<!-- \/wp:paragraph -->\n\n<!-- wp:paragraph -->\n<p>Medical care is available exclusively at the pediatrician's office, as home visits are unfortunately not possible due to capacity constraints.<\/p>\n<!-- \/wp:paragraph -->\n\n<!-- wp:paragraph -->\n<p>On Monday, Tuesday and Thursday you can reach me in urgent cases outside office hours at my mobile phone number (answering machine). After 10 p.m. (Wednesday, Friday, Saturday and Sunday) and if the practice on duty is not available, please contact the general medical on-call service phone 116 117 or to the<br>Clinic for Children and Youth, Loschgestr. 15, 91054 Erlangen, Germany.<\/p>\n<!-- \/wp:paragraph -->\n\n<!-- wp:paragraph -->\n<p><strong>Our practice has emergency service in 2026 on:<\/strong><\/p>\n<!-- \/wp:paragraph -->\n\n<!-- wp:media-text {\"mediaPosition\":\"right\",\"mediaId\":91,\"mediaLink\":\"https:\/\/kinderarzt-strobel.de\/notdienst\/attachment\/uhr\/#main\",\"mediaType\":\"image\"} -->\n<div class=\"wp-block-media-text has-media-on-the-right is-stacked-on-mobile\"><div class=\"wp-block-media-text__content\"><!-- wp:paragraph -->\n<p>Wednesday, 04 February<\/p>\n<!-- \/wp:paragraph -->\n\n<!-- wp:paragraph -->\n<p>Sunday, 22 February<\/p>\n<!-- \/wp:paragraph -->\n\n<!-- wp:paragraph -->\n<p>Friday\/Saturday, 13 \/14 March<\/p>\n<!-- \/wp:paragraph -->\n\n<!-- wp:paragraph -->\n<p>Wednesday, 08 April<\/p>\n<!-- \/wp:paragraph -->\n\n<!-- wp:paragraph -->\n<p>Sunday, 03 May<\/p>\n<!-- \/wp:paragraph -->\n\n<!-- wp:paragraph -->\n<p>Friday\/Saturday, 15 \/16 May<\/p>\n<!-- \/wp:paragraph -->\n\n<!-- wp:paragraph -->\n<p>Monday, 25 May<\/p>\n<!-- \/wp:paragraph -->\n\n<!-- wp:paragraph -->\n<p>Wednesday, 03 June<\/p>\n<!-- \/wp:paragraph -->\n\n<!-- wp:paragraph -->\n<p>Sunday, 02 August<\/p>\n<!-- \/wp:paragraph -->\n\n<!-- wp:paragraph -->\n<p>Friday\/Saturday, 28 \/29 August<\/p>\n<!-- \/wp:paragraph -->\n\n<!-- wp:paragraph -->\n<p>Wednesday, 30 September<\/p>\n<!-- \/wp:paragraph -->\n\n<!-- wp:paragraph -->\n<p>Friday\/Saturday, 23 \/24 October<\/p>\n<!-- \/wp:paragraph -->\n\n<!-- wp:paragraph -->\n<p>Sunday, 22 November<\/p>\n<!-- \/wp:paragraph -->\n\n<!-- wp:paragraph -->\n<p>Friday\/Saturday, 18 \/19 December<\/p>\n<!-- \/wp:paragraph -->\n\n<!-- wp:paragraph -->\n<p>Sunday, 03 January 2027<\/p>\n<!-- \/wp:paragraph --><\/div><figure class=\"wp-block-media-text__media\"><img src=\"https:\/\/kinderarzt-strobel.de\/wp-content\/uploads\/2023\/09\/uhr.jpg\" alt=\"\" class=\"wp-image-91 size-full\"\/><\/figure><\/div>\n<!-- \/wp:media-text -->\n\n<!-- wp:paragraph -->\n<p>Would you like to be kept up to date?<br>Then register with the practice app \"Meine p\u00e4diatrische Praxis\" (<a href=\"https:\/\/apps.apple.com\/de\/app\/meine-p%C3%A4diatrische-praxis\/id921469943\">iOS<\/a>, <a href=\"https:\/\/play.google.com\/store\/apps\/details?id=com.monks.praxis_app.kin&amp;pcampaignid=web_share\">Android<\/a>).<\/p>\n<!-- \/wp:paragraph -->"},"excerpt":{"rendered":"","protected":false,"raw":""},"author":1,"featured_media":0,"parent":0,"menu_order":0,"comment_status":"closed","ping_status":"closed","template":"","meta":{"_de_post_content":"<!-- wp:paragraph {\"textColor\":\"vivid-red\"} -->\n<p class=\"has-vivid-red-color has-text-color\"><strong>Bei lebensbedrohlichen Erkrankungen! (Krampfanfall, schwerer Atemnot, l\u00e4ngerer Bewusstlosigkeit, schwerer Unfall, etc.)<\/strong><\/p>\n<!-- \/wp:paragraph -->\n\n<!-- wp:paragraph {\"align\":\"left\",\"textColor\":\"vivid-red\",\"fontSize\":\"medium\"} -->\n<p class=\"has-text-align-left has-vivid-red-color has-text-color has-medium-font-size\"><strong>Tel. 112<\/strong><\/p>\n<!-- \/wp:paragraph -->\n\n<!-- wp:paragraph {\"textColor\":\"vivid-green-cyan\",\"fontSize\":\"medium\"} -->\n<p class=\"has-vivid-green-cyan-color has-text-color has-medium-font-size\"><strong>Giftnotruf Tel. <a href=\"tel:\">089 - 19 240<\/a><\/strong><\/p>\n<!-- \/wp:paragraph -->\n\n<!-- wp:paragraph -->\n<p><strong>Erkrankungen au\u00dferhalb der Sprechzeiten<\/strong><br>In Erg\u00e4nzung zum allgemeinen Bereitschaftsdienst bieten die Kinder- und Jugend\u00e4rzte Erlangens eine \u201cNotfallsprechstunde f\u00fcr Kinder und Jugendliche\u201c an:<\/p>\n<!-- \/wp:paragraph -->\n\n<!-- wp:table {\"hasFixedLayout\":false,\"className\":\"is-style-stripes\"} -->\n<figure class=\"wp-block-table is-style-stripes\"><table><tbody><tr><td>Mittwoch <\/td><td>13.00-22.00 Uhr<\/td><\/tr><tr><td>Freitag <\/td><td>13.00-22.00 Uhr<\/td><\/tr><tr><td>Samstag \/ Sonntag<\/td><td>8.00-22.00 Uhr<\/td><\/tr><\/tbody><\/table><\/figure>\n<!-- \/wp:table -->\n\n<!-- wp:paragraph {\"placeholder\":\"Inhalt\u2026\"} -->\n<p><br><strong>\u00dcber unseren Anrufbeantworter (Tel. <strong><a href=\"tel:+49913190590\">09131-90590<\/a><\/strong>) oder \u00fcber die generelle Notfallnummer (Tel. <strong><a href=\"tel:\">116 <\/a><a href=\"tel:+49116 117\">117<\/a><\/strong>) erfahren Sie die diensthabende Kinderarztpraxis.<\/strong><\/p>\n<!-- \/wp:paragraph -->\n\n<!-- wp:image {\"id\":82,\"sizeSlug\":\"full\",\"linkDestination\":\"none\",\"align\":\"center\"} -->\n<figure class=\"wp-block-image aligncenter size-full\"><img src=\"http:\/\/kinderarzt-strobel.de\/wp-content\/uploads\/2023\/09\/krankenwagen.jpg\" alt=\"\" class=\"wp-image-82\"\/><\/figure>\n<!-- \/wp:image -->\n\n<!-- wp:paragraph -->\n<p><em>Bitte melden Sie sich bei der Kinderarztpraxis telefonisch an!<\/em><\/p>\n<!-- \/wp:paragraph -->\n\n<!-- wp:paragraph -->\n<p>Bitte bringen Sie mit:<br>Krankenversicherungskarte<br>bisherige Medikamente<br>Impfpass bei Verletzungen und Unf\u00e4llen<\/p>\n<!-- \/wp:paragraph -->\n\n<!-- wp:paragraph -->\n<p>Die \u00e4rztliche Versorgung steht Ihnen ausschlie\u00dflich in der Kinderarztpraxis zur Verf\u00fcgung, da Hausbesuche aus Kapazit\u00e4tsgr\u00fcnden leider nicht m\u00f6glich sind.<\/p>\n<!-- \/wp:paragraph -->\n\n<!-- wp:paragraph -->\n<p>Montag, Dienstag und Donnerstag erreichen Sie mich in dringenden F\u00e4llen au\u00dferhalb der Sprechzeiten unter meiner Mobilfunknummer (Anrufbeantworter). Nach 22 Uhr (Mittwoch, Freitag, Samstag und Sonntag) und falls die diensthabende Praxis nicht erreichbar ist, wenden Sie sich bitte an den<\/p>\n<!-- \/wp:paragraph -->\n\n<!-- wp:paragraph -->\n<p>Allgemeinen \u00e4rztlichen Bereitschaftsdienst Tel. 116 117 oder an die<br>Klinik f\u00fcr Kinder- und Jugendliche, Loschgestr. 15, 91054 Erlangen<\/p>\n<!-- \/wp:paragraph -->\n\n<!-- wp:paragraph -->\n<p><strong>Unsere Praxis hat im Jahr 2026 Notdienst am:<\/strong><\/p>\n<!-- \/wp:paragraph -->\n\n<!-- wp:media-text {\"mediaPosition\":\"right\",\"mediaId\":91,\"mediaLink\":\"https:\/\/kinderarzt-strobel.de\/notdienst\/attachment\/uhr\/#main\",\"mediaType\":\"image\"} -->\n<div class=\"wp-block-media-text has-media-on-the-right is-stacked-on-mobile\"><div class=\"wp-block-media-text__content\"><!-- wp:paragraph -->\n<p>Mittwoch, 04. Februar<\/p>\n<!-- \/wp:paragraph -->\n\n<!-- wp:paragraph -->\n<p>Sonntag,  22. Februar<\/p>\n<!-- \/wp:paragraph -->\n\n<!-- wp:paragraph -->\n<p>Freitag\/Samstag, 13.\/14. M\u00e4rz<\/p>\n<!-- \/wp:paragraph -->\n\n<!-- wp:paragraph -->\n<p>Mittwoch, 08. April<\/p>\n<!-- \/wp:paragraph -->\n\n<!-- wp:paragraph -->\n<p>Sonntag, 03. Mai<\/p>\n<!-- \/wp:paragraph -->\n\n<!-- wp:paragraph -->\n<p>Freitag\/Samstag, 15.\/16. Mai<\/p>\n<!-- \/wp:paragraph -->\n\n<!-- wp:paragraph -->\n<p>Pfingstmontag, 25. Mai<\/p>\n<!-- \/wp:paragraph -->\n\n<!-- wp:paragraph -->\n<p>Mittwoch, 03. Juni<\/p>\n<!-- \/wp:paragraph -->\n\n<!-- wp:paragraph -->\n<p>Sonntag, 02. August<\/p>\n<!-- \/wp:paragraph -->\n\n<!-- wp:paragraph -->\n<p>Freitag\/Samstag, 28.\/29. August<\/p>\n<!-- \/wp:paragraph -->\n\n<!-- wp:paragraph -->\n<p>Mittwoch, 30. September<\/p>\n<!-- \/wp:paragraph -->\n\n<!-- wp:paragraph -->\n<p>Freitag\/Samstag, 23.\/24. Oktober<\/p>\n<!-- \/wp:paragraph -->\n\n<!-- wp:paragraph -->\n<p>Sonntag, 22. November<\/p>\n<!-- \/wp:paragraph -->\n\n<!-- wp:paragraph -->\n<p>Freitag\/Samstag, 18.\/19. Dezember<\/p>\n<!-- \/wp:paragraph -->\n\n<!-- wp:paragraph -->\n<p>Sonntag, 03. Januar 2027<\/p>\n<!-- \/wp:paragraph --><\/div><figure class=\"wp-block-media-text__media\"><img src=\"https:\/\/kinderarzt-strobel.de\/wp-content\/uploads\/2023\/09\/uhr.jpg\" alt=\"\" class=\"wp-image-91 size-full\"\/><\/figure><\/div>\n<!-- \/wp:media-text -->\n\n<!-- wp:paragraph -->\n<p>M\u00f6chten Sie aktuell informiert werden?<br>Dann melden Sie sich bei der PraxisApp \"Meine p\u00e4diatrische Praxis\" (<a href=\"https:\/\/apps.apple.com\/de\/app\/meine-p%C3%A4diatrische-praxis\/id921469943\">iOS<\/a>, <a href=\"https:\/\/play.google.com\/store\/apps\/details?id=com.monks.praxis_app.kin&amp;pcampaignid=web_share\">Android<\/a>) an.<br><\/p>\n<!-- \/wp:paragraph -->","_de_post_name":"notdienst","_de_post_excerpt":"","_de_post_title":"Notdienst","_en_post_content":"<!-- wp:paragraph -->\n<p>Pediatrician on call<\/p>\n<!-- \/wp:paragraph -->\n\n<!-- wp:paragraph {\"textColor\":\"vivid-red\"} -->\n<p class=\"has-vivid-red-color has-text-color\"><strong>In case of life-threatening illness! (seizure, severe respiratory distress, prolonged unconsciousness, severe accident, etc.).<\/strong><\/p>\n<!-- \/wp:paragraph -->\n\n<!-- wp:paragraph {\"align\":\"left\",\"textColor\":\"vivid-red\",\"fontSize\":\"medium\"} -->\n<p class=\"has-text-align-left has-vivid-red-color has-text-color has-medium-font-size\"><strong>Phone 112<\/strong><\/p>\n<!-- \/wp:paragraph -->\n\n<!-- wp:paragraph {\"textColor\":\"vivid-green-cyan\",\"fontSize\":\"medium\"} -->\n<p class=\"has-vivid-green-cyan-color has-text-color has-medium-font-size\"><strong>Poison emergency <a href=\"tel:+498919240\">089 - 19 240<\/a><\/strong><\/p>\n<!-- \/wp:paragraph -->\n\n<!-- wp:paragraph -->\n<p><strong>Illnesses outside office hours<\/strong><br>In addition to the general on-call service, the pediatricians of Erlangen offer an \"emergency consultation hour for children\": <\/p>\n<!-- \/wp:paragraph -->\n\n<!-- wp:table {\"hasFixedLayout\":false,\"className\":\"is-style-stripes\"} -->\n<figure class=\"wp-block-table is-style-stripes\"><table><tbody><tr><td>Wednesday <\/td><td>13.00-22.00 Uhr<\/td><\/tr><tr><td>Friday <\/td><td>13.00-22.00 Uhr<\/td><\/tr><tr><td>Saturday \/ Sunday<\/td><td>8.00-22.00 Uhr<\/td><\/tr><\/tbody><\/table><\/figure>\n<!-- \/wp:table -->\n\n<!-- wp:paragraph -->\n<p><strong>Our answering machine (phone <a href=\"tel:+49913190590\">09131-90590<\/a>) or the general medical  on call-services (phone <a href=\"tel:\">116 <\/a><a href=\"tel:+49116 117\">117<\/a>) will tell you the pediatrician's office on duty.<\/strong><\/p>\n<!-- \/wp:paragraph -->\n\n<!-- wp:image {\"id\":82,\"sizeSlug\":\"full\",\"linkDestination\":\"none\",\"align\":\"center\"} -->\n<figure class=\"wp-block-image aligncenter size-full\"><img src=\"http:\/\/kinderarzt-strobel.de\/wp-content\/uploads\/2023\/09\/krankenwagen.jpg\" alt=\"\" class=\"wp-image-82\"\/><\/figure>\n<!-- \/wp:image -->\n\n<!-- wp:paragraph -->\n<p><em>Please register with the pediatrician's office by phone!<\/em><\/p>\n<!-- \/wp:paragraph -->\n\n<!-- wp:paragraph -->\n<p>Please bring with you:<br>Health insurance card<br>previous medication<br>vaccination certificate in case of injuries and accidents<\/p>\n<!-- \/wp:paragraph -->\n\n<!-- wp:paragraph -->\n<p>Medical care is available exclusively at the pediatrician's office, as home visits are unfortunately not possible due to capacity constraints.<\/p>\n<!-- \/wp:paragraph -->\n\n<!-- wp:paragraph -->\n<p>On Monday, Tuesday and Thursday you can reach me in urgent cases outside office hours at my mobile phone number (answering machine). After 10 p.m. (Wednesday, Friday, Saturday and Sunday) and if the practice on duty is not available, please contact the general medical on-call service phone 116 117 or to the<br>Clinic for Children and Youth, Loschgestr. 15, 91054 Erlangen, Germany.<\/p>\n<!-- \/wp:paragraph -->\n\n<!-- wp:paragraph -->\n<p><strong>Our practice has emergency service in 2026 on:<\/strong><\/p>\n<!-- \/wp:paragraph -->\n\n<!-- wp:media-text {\"mediaPosition\":\"right\",\"mediaId\":91,\"mediaLink\":\"https:\/\/kinderarzt-strobel.de\/notdienst\/attachment\/uhr\/#main\",\"mediaType\":\"image\"} -->\n<div class=\"wp-block-media-text has-media-on-the-right is-stacked-on-mobile\"><div class=\"wp-block-media-text__content\"><!-- wp:paragraph -->\n<p>Wednesday, 04 February<\/p>\n<!-- \/wp:paragraph -->\n\n<!-- wp:paragraph -->\n<p>Sunday, 22 February<\/p>\n<!-- \/wp:paragraph -->\n\n<!-- wp:paragraph -->\n<p>Friday\/Saturday, 13 \/14 March<\/p>\n<!-- \/wp:paragraph -->\n\n<!-- wp:paragraph -->\n<p>Wednesday, 08 April<\/p>\n<!-- \/wp:paragraph -->\n\n<!-- wp:paragraph -->\n<p>Sunday, 03 May<\/p>\n<!-- \/wp:paragraph -->\n\n<!-- wp:paragraph -->\n<p>Friday\/Saturday, 15 \/16 May<\/p>\n<!-- \/wp:paragraph -->\n\n<!-- wp:paragraph -->\n<p>Monday, 25 May<\/p>\n<!-- \/wp:paragraph -->\n\n<!-- wp:paragraph -->\n<p>Wednesday, 03 June<\/p>\n<!-- \/wp:paragraph -->\n\n<!-- wp:paragraph -->\n<p>Sunday, 02 August<\/p>\n<!-- \/wp:paragraph -->\n\n<!-- wp:paragraph -->\n<p>Friday\/Saturday, 28 \/29 August<\/p>\n<!-- \/wp:paragraph -->\n\n<!-- wp:paragraph -->\n<p>Wednesday, 30 September<\/p>\n<!-- \/wp:paragraph -->\n\n<!-- wp:paragraph -->\n<p>Friday\/Saturday, 23 \/24 October<\/p>\n<!-- \/wp:paragraph -->\n\n<!-- wp:paragraph -->\n<p>Sunday, 22 November<\/p>\n<!-- \/wp:paragraph -->\n\n<!-- wp:paragraph -->\n<p>Friday\/Saturday, 18 \/19 December<\/p>\n<!-- \/wp:paragraph -->\n\n<!-- wp:paragraph -->\n<p>Sunday, 03 January 2027<\/p>\n<!-- \/wp:paragraph --><\/div><figure class=\"wp-block-media-text__media\"><img src=\"https:\/\/kinderarzt-strobel.de\/wp-content\/uploads\/2023\/09\/uhr.jpg\" alt=\"\" class=\"wp-image-91 size-full\"\/><\/figure><\/div>\n<!-- \/wp:media-text -->\n\n<!-- wp:paragraph -->\n<p>Would you like to be kept up to date?<br>Then register with the practice app \"Meine p\u00e4diatrische Praxis\" (<a href=\"https:\/\/apps.apple.com\/de\/app\/meine-p%C3%A4diatrische-praxis\/id921469943\">iOS<\/a>, <a href=\"https:\/\/play.google.com\/store\/apps\/details?id=com.monks.praxis_app.kin&amp;pcampaignid=web_share\">Android<\/a>).<\/p>\n<!-- \/wp:paragraph -->","_en_post_name":"","_en_post_excerpt":"","_en_post_title":"Emergency service ","edit_language":"en","footnotes":""},"class_list":["post-78","page","type-page","status-publish","hentry","post"],"_links":{"self":[{"href":"https:\/\/www.kinderaerztin-strobel.de\/en\/wp-json\/wp\/v2\/pages\/78","targetHints":{"allow":["GET"]}}],"collection":[{"href":"https:\/\/www.kinderaerztin-strobel.de\/en\/wp-json\/wp\/v2\/pages"}],"about":[{"href":"https:\/\/www.kinderaerztin-strobel.de\/en\/wp-json\/wp\/v2\/types\/page"}],"author":[{"embeddable":true,"href":"https:\/\/www.kinderaerztin-strobel.de\/en\/wp-json\/wp\/v2\/users\/1"}],"replies":[{"embeddable":true,"href":"https:\/\/www.kinderaerztin-strobel.de\/en\/wp-json\/wp\/v2\/comments?post=78"}],"version-history":[{"count":62,"href":"https:\/\/www.kinderaerztin-strobel.de\/en\/wp-json\/wp\/v2\/pages\/78\/revisions"}],"predecessor-version":[{"id":344,"href":"https:\/\/www.kinderaerztin-strobel.de\/en\/wp-json\/wp\/v2\/pages\/78\/revisions\/344"}],"wp:attachment":[{"href":"https:\/\/www.kinderaerztin-strobel.de\/en\/wp-json\/wp\/v2\/media?parent=78"}],"curies":[{"name":"wp","href":"https:\/\/api.w.org\/{rel}","templated":true}]}}