{"id":75,"date":"2023-09-03T16:24:00","date_gmt":"2023-09-03T16:24:00","guid":{"rendered":"https:\/\/kinderarzt-strobel.de\/?page_id=75"},"modified":"2026-02-11T07:48:59","modified_gmt":"2026-02-11T07:48:59","slug":"","status":"publish","type":"page","link":"https:\/\/www.kinderaerztin-strobel.de\/en\/urlaub\/","title":{"rendered":"Vacation","raw":"Vacation"},"content":{"rendered":"\n<p>So that you can plan your visit with us well.<\/p>\n\n\n\n<p>We are on vacation in <strong>2026<\/strong>:<br><br>02. &#8211; 06. March<br>17. &#8211; 24. April<br>05. &#8211; 26. June<br>06. August &#8211; 25. August (Summer vacation)<br>02. &#8211; 14. October<br>24. December 2026 &#8211; 02. January 2027 (Christmas vacation)<\/p>\n\n\n\n<p>Short-term changes as well as substitute doctors will be announced via notice in our doctor&#8217;s office, answering machine or via the app &#8220;Meine p\u00e4diatrische Praxis&#8221; (<a href=\"https:\/\/apps.apple.com\/de\/app\/meine-p%C3%A4diatrische-praxis\/id921469943\">iOS<\/a>, <a href=\"https:\/\/play.google.com\/store\/apps\/details?id=com.monks.praxis_app.kin&amp;pcampaignid=web_share\">Android<\/a>).<\/p>\n\n\n\n<p>Your Dr. med. Annette Strobel<\/p>\n","protected":false,"raw":"<!-- wp:paragraph -->\n<p>So that you can plan your visit with us well.<\/p>\n<!-- \/wp:paragraph -->\n\n<!-- wp:paragraph -->\n<p>We are on vacation in <strong>2026<\/strong>:<br><br>02. - 06. March<br>17. - 24. April<br>05. - 26. June<br>06. August - 25. August (Summer vacation)<br>02. - 14. October<br>24. December 2026 - 02. January 2027 (Christmas vacation)<\/p>\n<!-- \/wp:paragraph -->\n\n<!-- wp:paragraph -->\n<p>Short-term changes as well as substitute doctors will be announced via notice in our doctor's office, answering machine or via the app \"Meine p\u00e4diatrische Praxis\" (<a href=\"https:\/\/apps.apple.com\/de\/app\/meine-p%C3%A4diatrische-praxis\/id921469943\">iOS<\/a>, <a href=\"https:\/\/play.google.com\/store\/apps\/details?id=com.monks.praxis_app.kin&amp;pcampaignid=web_share\">Android<\/a>).<\/p>\n<!-- \/wp:paragraph -->\n\n<!-- wp:paragraph -->\n<p>Your Dr. med. Annette Strobel<\/p>\n<!-- \/wp:paragraph -->"},"excerpt":{"rendered":"","protected":false,"raw":""},"author":1,"featured_media":0,"parent":0,"menu_order":0,"comment_status":"closed","ping_status":"closed","template":"","meta":{"_de_post_content":"<!-- wp:paragraph -->\n<p><strong>Damit Sie Ihren Besuch bei uns gut planen k\u00f6nnen.<br><\/strong><\/p>\n<!-- \/wp:paragraph -->\n\n<!-- wp:paragraph -->\n<p>Wir machen Urlaub <strong>2026:<\/strong><br><br>02. - 06. M\u00e4rz\u00a0 <br>17. - 24. April<br>05. - 26. Juni<br>06. August - 25. August (Sommerferien)<br>02. - 14. Oktober<br>24. Dezember 2026 - 02. Januar 2027 (Weihnachtsferien)<\/p>\n<!-- \/wp:paragraph -->\n\n<!-- wp:paragraph -->\n<p>Kurzfristige \u00c4nderungen sowie Vertretungs\u00e4rzte werden \u00fcber Aushang in der Praxis, Anrufbeantworter oder die PraxisApp \"Meine p\u00e4diatrische Praxis\" (<a href=\"https:\/\/apps.apple.com\/de\/app\/meine-p%C3%A4diatrische-praxis\/id921469943\">iOS<\/a>, <a href=\"https:\/\/play.google.com\/store\/apps\/details?id=com.monks.praxis_app.kin&amp;pcampaignid=web_share\">Android<\/a>) bekannt gegeben.<\/p>\n<!-- \/wp:paragraph -->\n\n<!-- wp:paragraph -->\n<p><em>Ihre Dr. med. Annette Strobel<\/em><\/p>\n<!-- \/wp:paragraph -->","_de_post_name":"urlaub","_de_post_excerpt":"","_de_post_title":"Urlaub","_en_post_content":"<!-- wp:paragraph -->\n<p>So that you can plan your visit with us well.<\/p>\n<!-- \/wp:paragraph -->\n\n<!-- wp:paragraph -->\n<p>We are on vacation in <strong>2026<\/strong>:<br><br>02. - 06. March<br>17. - 24. April<br>05. - 26. June<br>06. August - 25. August (Summer vacation)<br>02. - 14. October<br>24. December 2026 - 02. January 2027 (Christmas vacation)<\/p>\n<!-- \/wp:paragraph -->\n\n<!-- wp:paragraph -->\n<p>Short-term changes as well as substitute doctors will be announced via notice in our doctor's office, answering machine or via the app \"Meine p\u00e4diatrische Praxis\" (<a href=\"https:\/\/apps.apple.com\/de\/app\/meine-p%C3%A4diatrische-praxis\/id921469943\">iOS<\/a>, <a href=\"https:\/\/play.google.com\/store\/apps\/details?id=com.monks.praxis_app.kin&amp;pcampaignid=web_share\">Android<\/a>).<\/p>\n<!-- \/wp:paragraph -->\n\n<!-- wp:paragraph -->\n<p>Your Dr. med. Annette Strobel<\/p>\n<!-- \/wp:paragraph -->","_en_post_name":"","_en_post_excerpt":"","_en_post_title":"Vacation","edit_language":"en","footnotes":""},"class_list":["post-75","page","type-page","status-publish","hentry","post"],"_links":{"self":[{"href":"https:\/\/www.kinderaerztin-strobel.de\/en\/wp-json\/wp\/v2\/pages\/75","targetHints":{"allow":["GET"]}}],"collection":[{"href":"https:\/\/www.kinderaerztin-strobel.de\/en\/wp-json\/wp\/v2\/pages"}],"about":[{"href":"https:\/\/www.kinderaerztin-strobel.de\/en\/wp-json\/wp\/v2\/types\/page"}],"author":[{"embeddable":true,"href":"https:\/\/www.kinderaerztin-strobel.de\/en\/wp-json\/wp\/v2\/users\/1"}],"replies":[{"embeddable":true,"href":"https:\/\/www.kinderaerztin-strobel.de\/en\/wp-json\/wp\/v2\/comments?post=75"}],"version-history":[{"count":26,"href":"https:\/\/www.kinderaerztin-strobel.de\/en\/wp-json\/wp\/v2\/pages\/75\/revisions"}],"predecessor-version":[{"id":359,"href":"https:\/\/www.kinderaerztin-strobel.de\/en\/wp-json\/wp\/v2\/pages\/75\/revisions\/359"}],"wp:attachment":[{"href":"https:\/\/www.kinderaerztin-strobel.de\/en\/wp-json\/wp\/v2\/media?parent=75"}],"curies":[{"name":"wp","href":"https:\/\/api.w.org\/{rel}","templated":true}]}}