{"id":28,"date":"2023-09-03T16:14:17","date_gmt":"2023-09-03T16:14:17","guid":{"rendered":"https:\/\/kinderarzt-strobel.de\/?page_id=28"},"modified":"2023-09-03T19:50:55","modified_gmt":"2023-09-03T19:50:55","slug":"directions","status":"publish","type":"page","link":"https:\/\/www.kinderaerztin-strobel.de\/en\/directions\/","title":{"rendered":"Directions","raw":"Directions"},"content":{"rendered":"\n<p><strong>Dr. med. Annette Strobel<br>Dorfstra\u00dfe 56<\/strong><\/p>\n\n\n\n<p><strong>91056 Erlangen &#8211; B\u00fcchenbach<\/strong><\/p>\n\n\n\n<div class=\"wp-block-columns is-layout-flex wp-container-core-columns-is-layout-9d6595d7 wp-block-columns-is-layout-flex\">\n<div class=\"wp-block-column is-layout-flow wp-block-column-is-layout-flow\" style=\"flex-basis:66.66%\">\n<p>In the medical center at the corner of Europakanal, 1st floor on the right,<\/p>\n\n\n\n<p>above Irina (formerly NORMA), opposite Sparkasse bank<br>and bakery Trapper<\/p>\n\n\n\n<p>Parking in the surrounding streets, elevator, pharmacy across the street.<\/p>\n\n\n\n<p>Bus stop just across the street:<br>Bus stop Diakonisches Zentrum<br>Bus line 286,287, 289,296<\/p>\n<\/div>\n\n\n\n<div class=\"wp-block-column is-layout-flow wp-block-column-is-layout-flow\" style=\"flex-basis:33.33%\">\n<figure class=\"wp-block-image size-full is-resized\"><img loading=\"lazy\" decoding=\"async\" src=\"https:\/\/kinderarzt-strobel.de\/wp-content\/uploads\/2023\/09\/aerztehaus-1.jpg\" alt=\"\" class=\"wp-image-173\" style=\"width:377px;height:337px\" width=\"377\" height=\"337\" srcset=\"https:\/\/www.kinderaerztin-strobel.de\/wp-content\/uploads\/2023\/09\/aerztehaus-1.jpg 600w, https:\/\/www.kinderaerztin-strobel.de\/wp-content\/uploads\/2023\/09\/aerztehaus-1-300x269.jpg 300w\" sizes=\"auto, (max-width: 377px) 100vw, 377px\" \/><\/figure>\n<\/div>\n<\/div>\n\n\n\n<p><\/p>\n","protected":false,"raw":"<!-- wp:paragraph -->\n<p><strong>Dr. med. Annette Strobel<br>Dorfstra\u00dfe 56<\/strong><\/p>\n<!-- \/wp:paragraph -->\n\n<!-- wp:paragraph -->\n<p><strong>91056 Erlangen - B\u00fcchenbach<\/strong><\/p>\n<!-- \/wp:paragraph -->\n\n<!-- wp:columns -->\n<div class=\"wp-block-columns\"><!-- wp:column {\"width\":\"66.66%\"} -->\n<div class=\"wp-block-column\" style=\"flex-basis:66.66%\"><!-- wp:paragraph -->\n<p>In the medical center at the corner of Europakanal, 1st floor on the right,<\/p>\n<!-- \/wp:paragraph -->\n\n<!-- wp:paragraph -->\n<p>above Irina (formerly NORMA), opposite Sparkasse bank<br>and bakery Trapper<\/p>\n<!-- \/wp:paragraph -->\n\n<!-- wp:paragraph -->\n<p>Parking in the surrounding streets, elevator, pharmacy across the street.<\/p>\n<!-- \/wp:paragraph -->\n\n<!-- wp:paragraph -->\n<p>Bus stop just across the street:<br>Bus stop Diakonisches Zentrum<br>Bus line 286,287, 289,296<\/p>\n<!-- \/wp:paragraph --><\/div>\n<!-- \/wp:column -->\n\n<!-- wp:column {\"width\":\"33.33%\"} -->\n<div class=\"wp-block-column\" style=\"flex-basis:33.33%\"><!-- wp:image {\"id\":173,\"width\":377,\"height\":337,\"sizeSlug\":\"full\",\"linkDestination\":\"none\"} -->\n<figure class=\"wp-block-image size-full is-resized\"><img src=\"https:\/\/kinderarzt-strobel.de\/wp-content\/uploads\/2023\/09\/aerztehaus-1.jpg\" alt=\"\" class=\"wp-image-173\" style=\"width:377px;height:337px\" width=\"377\" height=\"337\"\/><\/figure>\n<!-- \/wp:image --><\/div>\n<!-- \/wp:column --><\/div>\n<!-- \/wp:columns -->\n\n<!-- wp:paragraph -->\n<p><\/p>\n<!-- \/wp:paragraph -->"},"excerpt":{"rendered":"","protected":false,"raw":""},"author":1,"featured_media":0,"parent":0,"menu_order":0,"comment_status":"closed","ping_status":"closed","template":"","meta":{"_de_post_content":"<!-- wp:paragraph -->\n<p><strong>Dr. med. Annette Strobel<br>Dorfstra\u00dfe 56<\/strong><\/p>\n<!-- \/wp:paragraph -->\n\n<!-- wp:paragraph -->\n<p><strong>91056 Erlangen - B\u00fcchenbach<\/strong><\/p>\n<!-- \/wp:paragraph -->\n\n<!-- wp:columns -->\n<div class=\"wp-block-columns\"><!-- wp:column {\"width\":\"66.66%\"} -->\n<div class=\"wp-block-column\" style=\"flex-basis:66.66%\"><!-- wp:paragraph -->\n<p>Im \u00c4rztehaus Ecke Europakanal, 1. Stock rechts,<\/p>\n<!-- \/wp:paragraph -->\n\n<!-- wp:paragraph -->\n<p>\u00fcber Irina (fr\u00fcher NORMA), gegen\u00fcber Sparkasse<br>und B\u00e4ckerei Trapper<\/p>\n<!-- \/wp:paragraph -->\n\n<!-- wp:paragraph -->\n<p>Parkm\u00f6glichkeiten in den umliegenden Stra\u00dfen, Aufzug, Apotheke gegen\u00fcber.<\/p>\n<!-- \/wp:paragraph -->\n\n<!-- wp:paragraph -->\n<p>Bushaltestelle gleich gegen\u00fcber:<br>Haltestelle Diakonisches Zentrum<br>Buslinie 286,287, 289,296<\/p>\n<!-- \/wp:paragraph --><\/div>\n<!-- \/wp:column -->\n\n<!-- wp:column {\"width\":\"33.33%\"} -->\n<div class=\"wp-block-column\" style=\"flex-basis:33.33%\"><!-- wp:image {\"id\":173,\"width\":377,\"height\":337,\"sizeSlug\":\"full\",\"linkDestination\":\"none\"} -->\n<figure class=\"wp-block-image size-full is-resized\"><img src=\"https:\/\/kinderarzt-strobel.de\/wp-content\/uploads\/2023\/09\/aerztehaus-1.jpg\" alt=\"\" class=\"wp-image-173\" style=\"width:377px;height:337px\" width=\"377\" height=\"337\"\/><\/figure>\n<!-- \/wp:image --><\/div>\n<!-- \/wp:column --><\/div>\n<!-- \/wp:columns -->\n\n<!-- wp:paragraph -->\n<p><\/p>\n<!-- \/wp:paragraph -->\n\n<!-- wp:paragraph -->\n<p><\/p>\n<!-- \/wp:paragraph -->","_de_post_name":"anfahrt","_de_post_excerpt":"","_de_post_title":"Anfahrt","_en_post_content":"<!-- wp:paragraph -->\n<p><strong>Dr. med. Annette Strobel<br>Dorfstra\u00dfe 56<\/strong><\/p>\n<!-- \/wp:paragraph -->\n\n<!-- wp:paragraph -->\n<p><strong>91056 Erlangen - B\u00fcchenbach<\/strong><\/p>\n<!-- \/wp:paragraph -->\n\n<!-- wp:columns -->\n<div class=\"wp-block-columns\"><!-- wp:column {\"width\":\"66.66%\"} -->\n<div class=\"wp-block-column\" style=\"flex-basis:66.66%\"><!-- wp:paragraph -->\n<p>In the medical center at the corner of Europakanal, 1st floor on the right,<\/p>\n<!-- \/wp:paragraph -->\n\n<!-- wp:paragraph -->\n<p>above Irina (formerly NORMA), opposite Sparkasse bank<br>and bakery Trapper<\/p>\n<!-- \/wp:paragraph -->\n\n<!-- wp:paragraph -->\n<p>Parking in the surrounding streets, elevator, pharmacy across the street.<\/p>\n<!-- \/wp:paragraph -->\n\n<!-- wp:paragraph -->\n<p>Bus stop just across the street:<br>Bus stop Diakonisches Zentrum<br>Bus line 286,287, 289,296<\/p>\n<!-- \/wp:paragraph --><\/div>\n<!-- \/wp:column -->\n\n<!-- wp:column {\"width\":\"33.33%\"} -->\n<div class=\"wp-block-column\" style=\"flex-basis:33.33%\"><!-- wp:image {\"id\":173,\"width\":377,\"height\":337,\"sizeSlug\":\"full\",\"linkDestination\":\"none\"} -->\n<figure class=\"wp-block-image size-full is-resized\"><img src=\"https:\/\/kinderarzt-strobel.de\/wp-content\/uploads\/2023\/09\/aerztehaus-1.jpg\" alt=\"\" class=\"wp-image-173\" style=\"width:377px;height:337px\" width=\"377\" height=\"337\"\/><\/figure>\n<!-- \/wp:image --><\/div>\n<!-- \/wp:column --><\/div>\n<!-- \/wp:columns -->\n\n<!-- wp:paragraph -->\n<p><\/p>\n<!-- \/wp:paragraph -->","_en_post_name":"directions","_en_post_excerpt":"","_en_post_title":"Directions","edit_language":"en","footnotes":""},"class_list":["post-28","page","type-page","status-publish","hentry","post"],"_links":{"self":[{"href":"https:\/\/www.kinderaerztin-strobel.de\/en\/wp-json\/wp\/v2\/pages\/28","targetHints":{"allow":["GET"]}}],"collection":[{"href":"https:\/\/www.kinderaerztin-strobel.de\/en\/wp-json\/wp\/v2\/pages"}],"about":[{"href":"https:\/\/www.kinderaerztin-strobel.de\/en\/wp-json\/wp\/v2\/types\/page"}],"author":[{"embeddable":true,"href":"https:\/\/www.kinderaerztin-strobel.de\/en\/wp-json\/wp\/v2\/users\/1"}],"replies":[{"embeddable":true,"href":"https:\/\/www.kinderaerztin-strobel.de\/en\/wp-json\/wp\/v2\/comments?post=28"}],"version-history":[{"count":5,"href":"https:\/\/www.kinderaerztin-strobel.de\/en\/wp-json\/wp\/v2\/pages\/28\/revisions"}],"predecessor-version":[{"id":176,"href":"https:\/\/www.kinderaerztin-strobel.de\/en\/wp-json\/wp\/v2\/pages\/28\/revisions\/176"}],"wp:attachment":[{"href":"https:\/\/www.kinderaerztin-strobel.de\/en\/wp-json\/wp\/v2\/media?parent=28"}],"curies":[{"name":"wp","href":"https:\/\/api.w.org\/{rel}","templated":true}]}}