{"id":163,"date":"2023-09-03T19:28:49","date_gmt":"2023-09-03T19:28:49","guid":{"rendered":"https:\/\/kinderarzt-strobel.de\/?page_id=163"},"modified":"2023-09-11T19:30:55","modified_gmt":"2023-09-11T19:30:55","slug":"","status":"publish","type":"page","link":"https:\/\/www.kinderaerztin-strobel.de\/en\/konzept\/","title":{"rendered":"Concept","raw":"Concept"},"content":{"rendered":"\n<div class=\"wp-block-columns is-layout-flex wp-container-core-columns-is-layout-9d6595d7 wp-block-columns-is-layout-flex\">\n<div class=\"wp-block-column is-layout-flow wp-block-column-is-layout-flow\" style=\"flex-basis:66.66%\">\n<p>I have been managing this pediatric and adolescent practice since April 1, 2007.<\/p>\n\n\n\n<p>As a native of Franconia, I have after my studies in<br>Erlangen, I received a thorough training in pediatrics and adolescent medicine in Thuringia and Schweinfurt. Afterwards I worked &#8211; interrupted by parental leave &#8211; in the practice of my predecessor.<\/p>\n<\/div>\n\n\n\n<div class=\"wp-block-column is-layout-flow wp-block-column-is-layout-flow\" style=\"flex-basis:33.33%\">\n<figure class=\"wp-block-image size-full is-resized\"><img loading=\"lazy\" decoding=\"async\" src=\"https:\/\/kinderarzt-strobel.de\/wp-content\/uploads\/2023\/09\/kopffuessler.gif\" alt=\"\" class=\"wp-image-164\" style=\"width:267px;height:221px\" width=\"267\" height=\"221\"\/><\/figure>\n<\/div>\n<\/div>\n\n\n\n<p>During my practice I successfully completed the three-year homeopathy training of the Central Association of Homeopathic Physicians in Germany and received the additional title of homeopathy from the Bavarian Medical Association. In addition, I have the qualification as an asthma trainer and participate in the<br>DMP Asthma.<\/p>\n\n\n\n<p>My philosophy is to provide each child and adolescent individually with the most effective and at the same time gentle treatment possible.<br>I try to achieve this through a skilful variation or combination of conventional medicine, naturopathy and homeopathy.<\/p>\n\n\n\n<p>I am happy to accommodate any preferences of the parents.<br>As a mother of three children, I am able to provide important practical tips on topics such as nutrition, sleep patterns, etc., in addition to purely medical advice.<\/p>\n\n\n\n<p>An experienced team of physician assistants supports me in my work. Beyond the usual preventive examinations, I offer supplementary developmental diagnostic tests.<\/p>\n\n\n\n<p>If there are long waiting times in case of large crowds or lengthy cases, I offer 2 air-conditioned waiting rooms: a large &#8220;Loud Room&#8221; with play facilities for kindergarten and school children, and a &#8220;Quiet Room&#8221; with still chairs and a crawling corner. Both offer additional reading material for young and old.<\/p>\n\n\n\n<p>Have I aroused your interest? Please make an appointment for your first visit and bring your child&#8217;s yellow health check-up booklet, vaccination card (if available) and insurance card with you.<br>I am looking forward to your visit.<\/p>\n\n\n\n<p>Yours Dr. Annette Strobel<\/p>\n","protected":false,"raw":"<!-- wp:columns -->\n<div class=\"wp-block-columns\"><!-- wp:column {\"width\":\"66.66%\"} -->\n<div class=\"wp-block-column\" style=\"flex-basis:66.66%\"><!-- wp:paragraph -->\n<p>I have been managing this pediatric and adolescent practice since April 1, 2007.<\/p>\n<!-- \/wp:paragraph -->\n\n<!-- wp:paragraph -->\n<p>As a native of Franconia, I have after my studies in<br>Erlangen, I received a thorough training in pediatrics and adolescent medicine in Thuringia and Schweinfurt. Afterwards I worked - interrupted by parental leave - in the practice of my predecessor.<\/p>\n<!-- \/wp:paragraph --><\/div>\n<!-- \/wp:column -->\n\n<!-- wp:column {\"width\":\"33.33%\"} -->\n<div class=\"wp-block-column\" style=\"flex-basis:33.33%\"><!-- wp:image {\"id\":164,\"width\":267,\"height\":221,\"sizeSlug\":\"full\",\"linkDestination\":\"none\"} -->\n<figure class=\"wp-block-image size-full is-resized\"><img src=\"https:\/\/kinderarzt-strobel.de\/wp-content\/uploads\/2023\/09\/kopffuessler.gif\" alt=\"\" class=\"wp-image-164\" style=\"width:267px;height:221px\" width=\"267\" height=\"221\"\/><\/figure>\n<!-- \/wp:image --><\/div>\n<!-- \/wp:column --><\/div>\n<!-- \/wp:columns -->\n\n<!-- wp:paragraph -->\n<p>During my practice I successfully completed the three-year homeopathy training of the Central Association of Homeopathic Physicians in Germany and received the additional title of homeopathy from the Bavarian Medical Association. In addition, I have the qualification as an asthma trainer and participate in the<br>DMP Asthma.<\/p>\n<!-- \/wp:paragraph -->\n\n<!-- wp:paragraph -->\n<p>My philosophy is to provide each child and adolescent individually with the most effective and at the same time gentle treatment possible.<br>I try to achieve this through a skilful variation or combination of conventional medicine, naturopathy and homeopathy.<\/p>\n<!-- \/wp:paragraph -->\n\n<!-- wp:paragraph -->\n<p>I am happy to accommodate any preferences of the parents.<br>As a mother of three children, I am able to provide important practical tips on topics such as nutrition, sleep patterns, etc., in addition to purely medical advice.<\/p>\n<!-- \/wp:paragraph -->\n\n<!-- wp:paragraph -->\n<p>An experienced team of physician assistants supports me in my work. Beyond the usual preventive examinations, I offer supplementary developmental diagnostic tests.<\/p>\n<!-- \/wp:paragraph -->\n\n<!-- wp:paragraph -->\n<p>If there are long waiting times in case of large crowds or lengthy cases, I offer 2 air-conditioned waiting rooms: a large \"Loud Room\" with play facilities for kindergarten and school children, and a \"Quiet Room\" with still chairs and a crawling corner. Both offer additional reading material for young and old.<\/p>\n<!-- \/wp:paragraph -->\n\n<!-- wp:paragraph -->\n<p>Have I aroused your interest? Please make an appointment for your first visit and bring your child's yellow health check-up booklet, vaccination card (if available) and insurance card with you.<br>I am looking forward to your visit.<\/p>\n<!-- \/wp:paragraph -->\n\n<!-- wp:paragraph -->\n<p>Yours Dr. Annette Strobel<\/p>\n<!-- \/wp:paragraph -->"},"excerpt":{"rendered":"","protected":false,"raw":""},"author":1,"featured_media":0,"parent":0,"menu_order":0,"comment_status":"closed","ping_status":"closed","template":"","meta":{"_de_post_content":"<!-- wp:columns -->\n<div class=\"wp-block-columns\"><!-- wp:column {\"width\":\"66.66%\"} -->\n<div class=\"wp-block-column\" style=\"flex-basis:66.66%\"><!-- wp:paragraph -->\n<p>Seit 1. April 2007 leite ich diese Kinder- und Jugendarztpraxis.<\/p>\n<!-- \/wp:paragraph -->\n\n<!-- wp:paragraph -->\n<p>Als geb\u00fcrtige Fr\u00e4nkin habe ich nach dem Studium in<br>Erlangen eine fundierte schulmedizinische Ausbildung der<br>Kinder- und Jugendmedizin in Th\u00fcringen und Schweinfurt<br>durchlaufen. Danach habe ich - von Elternzeit unterbrochen - in der Praxis meiner Vorg\u00e4ngerin mitgearbeitet.<\/p>\n<!-- \/wp:paragraph --><\/div>\n<!-- \/wp:column -->\n\n<!-- wp:column {\"width\":\"33.33%\"} -->\n<div class=\"wp-block-column\" style=\"flex-basis:33.33%\"><!-- wp:image {\"align\":\"center\",\"id\":164,\"sizeSlug\":\"full\",\"linkDestination\":\"none\",\"style\":{\"color\":{}},\"className\":\"is-style-default\"} -->\n<figure class=\"wp-block-image aligncenter size-full is-style-default\"><img src=\"https:\/\/kinderarzt-strobel.de\/wp-content\/uploads\/2023\/09\/kopffuessler.gif\" alt=\"\" class=\"wp-image-164\"\/><\/figure>\n<!-- \/wp:image --><\/div>\n<!-- \/wp:column --><\/div>\n<!-- \/wp:columns -->\n\n<!-- wp:paragraph -->\n<p>W\u00e4hrend meiner Praxist\u00e4tigkeit habe ich berufsbegleitend die dreij\u00e4hrige Hom\u00f6opathie-ausbildung des Zentralvereins der Hom\u00f6opathischen \u00c4rzte Deutschlands erfolgreich absolviert und die Zusatzbezeichnung Hom\u00f6opathie der Bayerischen Landes\u00e4rztekammer erhalten. Zus\u00e4tzlich verf\u00fcge ich \u00fcber die Qualifikation als Asthmatrainerin und nehme am<br>DMP Asthma teil.<\/p>\n<!-- \/wp:paragraph -->\n\n<!-- wp:paragraph -->\n<p>Meine Philosophie ist es, jedem Kind und Jugendlichen individuell eine m\u00f6glichst effektive und zugleich schonende Behandlung zukommen zu lassen.<br>Dies versuche ich durch eine geschickte Variation bzw. Kombination von Schulmedizin, Naturheilverfahren und Hom\u00f6opathie zu erreichen.<\/p>\n<!-- \/wp:paragraph -->\n\n<!-- wp:paragraph -->\n<p><br>Auf etwaige Pr\u00e4ferenzen der Eltern gehe ich gerne ein.<br>Als Mutter von drei Kindern kann ich \u00fcber die rein medizinische Beratung hinaus noch wichtige praktische Tipps zu Themen der Ern\u00e4hrung, des Schlafverhaltens, etc. geben.<\/p>\n<!-- \/wp:paragraph -->\n\n<!-- wp:paragraph -->\n<p>Ein erfahrenes Team von Arzthelferinnen unterst\u00fctzt mich bei meiner Arbeit. \u00dcber die \u00fcblichen Vorsorgeuntersuchungen hinaus biete ich erg\u00e4nzende entwicklungsdiagnostische Tests an.<br><br>Falls bei gro\u00dfem Andrang oder langwierigen F\u00e4llen Wartezeiten entstehen, biete ich 2 klimatisierte Wartezimmer an: ein gro\u00dfes \u201eTobe-Zimmer\u201c mit Spielm\u00f6glichkeiten f\u00fcr Kindergarten- und Schulkinder, sowie ein \u201eRuhiges Zimmer\u201c mit Stillsesseln und Krabbelecke. Beide bieten zus\u00e4tzlich Lesestoff f\u00fcr Klein und Gro\u00df.<\/p>\n<!-- \/wp:paragraph -->\n\n<!-- wp:paragraph -->\n<p>Habe ich Ihr Interesse geweckt ? Bitte vereinbaren Sie zur Erstvorstellung einen Termin und bringen Sie das gelbe Vorsorgeuntersuchungsheft, den Impfpass (soweit vorhanden) sowie die Versichertenkarte des Kindes mit.<br>Ich freue mich auf Ihren Besuch.<\/p>\n<!-- \/wp:paragraph -->\n\n<!-- wp:paragraph -->\n<p><em>Ihre Dr. Annette Strobel<\/em><\/p>\n<!-- \/wp:paragraph -->","_de_post_name":"konzept","_de_post_excerpt":"","_de_post_title":"Konzept","_en_post_content":"<!-- wp:columns -->\n<div class=\"wp-block-columns\"><!-- wp:column {\"width\":\"66.66%\"} -->\n<div class=\"wp-block-column\" style=\"flex-basis:66.66%\"><!-- wp:paragraph -->\n<p>I have been managing this pediatric and adolescent practice since April 1, 2007.<\/p>\n<!-- \/wp:paragraph -->\n\n<!-- wp:paragraph -->\n<p>As a native of Franconia, I have after my studies in<br>Erlangen, I received a thorough training in pediatrics and adolescent medicine in Thuringia and Schweinfurt. Afterwards I worked - interrupted by parental leave - in the practice of my predecessor.<\/p>\n<!-- \/wp:paragraph --><\/div>\n<!-- \/wp:column -->\n\n<!-- wp:column {\"width\":\"33.33%\"} -->\n<div class=\"wp-block-column\" style=\"flex-basis:33.33%\"><!-- wp:image {\"id\":164,\"width\":267,\"height\":221,\"sizeSlug\":\"full\",\"linkDestination\":\"none\"} -->\n<figure class=\"wp-block-image size-full is-resized\"><img src=\"https:\/\/kinderarzt-strobel.de\/wp-content\/uploads\/2023\/09\/kopffuessler.gif\" alt=\"\" class=\"wp-image-164\" style=\"width:267px;height:221px\" width=\"267\" height=\"221\"\/><\/figure>\n<!-- \/wp:image --><\/div>\n<!-- \/wp:column --><\/div>\n<!-- \/wp:columns -->\n\n<!-- wp:paragraph -->\n<p>During my practice I successfully completed the three-year homeopathy training of the Central Association of Homeopathic Physicians in Germany and received the additional title of homeopathy from the Bavarian Medical Association. In addition, I have the qualification as an asthma trainer and participate in the<br>DMP Asthma.<\/p>\n<!-- \/wp:paragraph -->\n\n<!-- wp:paragraph -->\n<p>My philosophy is to provide each child and adolescent individually with the most effective and at the same time gentle treatment possible.<br>I try to achieve this through a skilful variation or combination of conventional medicine, naturopathy and homeopathy.<\/p>\n<!-- \/wp:paragraph -->\n\n<!-- wp:paragraph -->\n<p>I am happy to accommodate any preferences of the parents.<br>As a mother of three children, I am able to provide important practical tips on topics such as nutrition, sleep patterns, etc., in addition to purely medical advice.<\/p>\n<!-- \/wp:paragraph -->\n\n<!-- wp:paragraph -->\n<p>An experienced team of physician assistants supports me in my work. Beyond the usual preventive examinations, I offer supplementary developmental diagnostic tests.<\/p>\n<!-- \/wp:paragraph -->\n\n<!-- wp:paragraph -->\n<p>If there are long waiting times in case of large crowds or lengthy cases, I offer 2 air-conditioned waiting rooms: a large \"Loud Room\" with play facilities for kindergarten and school children, and a \"Quiet Room\" with still chairs and a crawling corner. Both offer additional reading material for young and old.<\/p>\n<!-- \/wp:paragraph -->\n\n<!-- wp:paragraph -->\n<p>Have I aroused your interest? Please make an appointment for your first visit and bring your child's yellow health check-up booklet, vaccination card (if available) and insurance card with you.<br>I am looking forward to your visit.<\/p>\n<!-- \/wp:paragraph -->\n\n<!-- wp:paragraph -->\n<p>Yours Dr. Annette Strobel<\/p>\n<!-- \/wp:paragraph -->","_en_post_name":"","_en_post_excerpt":"","_en_post_title":"Concept","edit_language":"en","footnotes":""},"class_list":["post-163","page","type-page","status-publish","hentry","post"],"_links":{"self":[{"href":"https:\/\/www.kinderaerztin-strobel.de\/en\/wp-json\/wp\/v2\/pages\/163","targetHints":{"allow":["GET"]}}],"collection":[{"href":"https:\/\/www.kinderaerztin-strobel.de\/en\/wp-json\/wp\/v2\/pages"}],"about":[{"href":"https:\/\/www.kinderaerztin-strobel.de\/en\/wp-json\/wp\/v2\/types\/page"}],"author":[{"embeddable":true,"href":"https:\/\/www.kinderaerztin-strobel.de\/en\/wp-json\/wp\/v2\/users\/1"}],"replies":[{"embeddable":true,"href":"https:\/\/www.kinderaerztin-strobel.de\/en\/wp-json\/wp\/v2\/comments?post=163"}],"version-history":[{"count":7,"href":"https:\/\/www.kinderaerztin-strobel.de\/en\/wp-json\/wp\/v2\/pages\/163\/revisions"}],"predecessor-version":[{"id":305,"href":"https:\/\/www.kinderaerztin-strobel.de\/en\/wp-json\/wp\/v2\/pages\/163\/revisions\/305"}],"wp:attachment":[{"href":"https:\/\/www.kinderaerztin-strobel.de\/en\/wp-json\/wp\/v2\/media?parent=163"}],"curies":[{"name":"wp","href":"https:\/\/api.w.org\/{rel}","templated":true}]}}