{"id":14,"date":"2023-09-02T16:41:08","date_gmt":"2023-09-02T16:41:08","guid":{"rendered":"https:\/\/kinderarzt-strobel.de\/?page_id=14"},"modified":"2023-09-03T16:20:10","modified_gmt":"2023-09-03T16:20:10","slug":"","status":"publish","type":"page","link":"https:\/\/www.kinderaerztin-strobel.de\/en\/impressum\/","title":{"rendered":"Imprint","raw":"Imprint"},"content":{"rendered":"\n<p>(legally binding is the german version)<\/p>\n\n\n\n<p>S\u00e4mtliche Inhalte (Texte, Bilder, Code) von http:\/\/www.kinderaerztin-strobel.de sind urheberrechtlich gesch\u00fctzt. Eine unautorisierte Verwendung, ausgenommen hiervon sind die tempor\u00e4ren Kopien des Browsercaches, ist verboten und kann strafrechtliche Schritte nach sich ziehen.<\/p>\n\n\n\n<p>Pflichtangaben nach \u00a75 TMG:<\/p>\n\n\n\n<p>Frau Dr. med. Annette Strobel<\/p>\n\n\n\n<p>Praxis Dr. Strobel<br>Dorfstr. 56<br>D-91056 Erlangen<\/p>\n\n\n\n<p>Tel. +49 (0) 9131-90590<br>E-Mail: info@kinderaerztin-strobel.de<br>Web: www.kinderaerztin-strobel.de<br>&nbsp;<br>Steuer-Nr. wird aufgrund Datenschutzgr\u00fcnden nur auf Anfrage mitgeteilt.<\/p>\n\n\n\n<p>Gem\u00e4\u00df \u00a728 BDSG widersprechen wir jeder kommerziellen Verwendung und jeder sonstigen Weitergabe und anderweitigen Ver\u00f6ffentlichung obenstehender Daten.<\/p>\n\n\n\n<p>Zust\u00e4ndige Kammer:<br>Bayerische Landes\u00e4rztekammer, M\u00fchlbaurstr. 16, 81677 M\u00fcnchen, www.blaek.de<\/p>\n\n\n\n<p>Berufsbezeichnung:<br>Arzt, Fach\u00e4rztin f\u00fcr Kinderheilkunde und Jugendmedizin (erworben in Deutschland); Zusatzbezeichnung Hom\u00f6opathie.<\/p>\n\n\n\n<p>Zust\u00e4ndige Aufsichtsbeh\u00f6rde:<br>Kassen\u00e4rztliche Vereinigung Bayerns, Elsenheimerstra\u00dfe 39, 80687 M\u00fcnchen, www.kvb.de<\/p>\n\n\n\n<p>Berufsrechtliche Regelungen:<br>Berufsordnung f\u00fcr die \u00c4rzte Bayerns v. 2005, Heilberufe-Kammergesetz v. 2002 einzusehen im Internet auf den Seiten der Landes\u00e4rztekammer unter www.blaek.de.<br><\/p>\n\n\n\n<p><strong>Verantwortlicher f\u00fcr journalistisch-redaktionelle Inhalte gem. \u00a7 55 II RstV:<\/strong><br><\/p>\n\n\n\n<p>Frau Dr. med. Annette Strobel<\/p>\n\n\n\n<p>Praxis Dr. Strobel<br>Dorfstr. 56<br>D-91056 Erlangen<br><\/p>\n\n\n\n<p><br><strong>Teilnahme an Streitbeilegungsverfahren vor Verbraucherschlichtungsstellen<\/strong><br><br>Wir nehmen nicht an einem Streitbeilegungsverfahren vor einer Verbraucherschlichtungsstelle teil. Das Gesetz \u00fcber die alternative Streitbeilegung in Verbrauchersachen fordert aber, dass wir Sie trotzdem auf eine f\u00fcr Sie zust\u00e4ndige Verbraucherschlichtungsstelle hinweisen:<br><br>Allgemeine Verbraucherschlichtungsstelle des Zentrums f\u00fcr Schlichtung e. V.<br>Stra\u00dfburger Str. 8<br>77694 Kehl<br><br>Quelle: www.verbraucher-schlichter.de<\/p>\n\n\n\n<p><strong>Online-Streitbeilegung gem\u00e4\u00df Art. 14 Abs. 1 ODR-VO<\/strong><br>Die Europ\u00e4ische Kommission stellt eine Plattform zur Online-Streitbeilegung (OS) bereit, die Sie unter <a href=\"http:\/\/ec.europa.eu\/consumers\/odr\/\">http:\/\/ec.europa.eu\/consumers\/odr\/<\/a> finden.<\/p>\n","protected":false,"raw":"<!-- wp:paragraph -->\n<p>(legally binding is the german version)<\/p>\n<!-- \/wp:paragraph -->\n\n<!-- wp:paragraph -->\n<p>S\u00e4mtliche Inhalte (Texte, Bilder, Code) von http:\/\/www.kinderaerztin-strobel.de sind urheberrechtlich gesch\u00fctzt. Eine unautorisierte Verwendung, ausgenommen hiervon sind die tempor\u00e4ren Kopien des Browsercaches, ist verboten und kann strafrechtliche Schritte nach sich ziehen.<\/p>\n<!-- \/wp:paragraph -->\n\n<!-- wp:paragraph -->\n<p>Pflichtangaben nach \u00a75 TMG:<\/p>\n<!-- \/wp:paragraph -->\n\n<!-- wp:paragraph -->\n<p>Frau Dr. med. Annette Strobel<\/p>\n<!-- \/wp:paragraph -->\n\n<!-- wp:paragraph -->\n<p>Praxis Dr. Strobel<br>Dorfstr. 56<br>D-91056 Erlangen<\/p>\n<!-- \/wp:paragraph -->\n\n<!-- wp:paragraph -->\n<p>Tel. +49 (0) 9131-90590<br>E-Mail: info@kinderaerztin-strobel.de<br>Web: www.kinderaerztin-strobel.de<br>&nbsp;<br>Steuer-Nr. wird aufgrund Datenschutzgr\u00fcnden nur auf Anfrage mitgeteilt.<\/p>\n<!-- \/wp:paragraph -->\n\n<!-- wp:paragraph -->\n<p>Gem\u00e4\u00df \u00a728 BDSG widersprechen wir jeder kommerziellen Verwendung und jeder sonstigen Weitergabe und anderweitigen Ver\u00f6ffentlichung obenstehender Daten.<\/p>\n<!-- \/wp:paragraph -->\n\n<!-- wp:paragraph -->\n<p>Zust\u00e4ndige Kammer:<br>Bayerische Landes\u00e4rztekammer, M\u00fchlbaurstr. 16, 81677 M\u00fcnchen, www.blaek.de<\/p>\n<!-- \/wp:paragraph -->\n\n<!-- wp:paragraph -->\n<p>Berufsbezeichnung:<br>Arzt, Fach\u00e4rztin f\u00fcr Kinderheilkunde und Jugendmedizin (erworben in Deutschland); Zusatzbezeichnung Hom\u00f6opathie.<\/p>\n<!-- \/wp:paragraph -->\n\n<!-- wp:paragraph -->\n<p>Zust\u00e4ndige Aufsichtsbeh\u00f6rde:<br>Kassen\u00e4rztliche Vereinigung Bayerns, Elsenheimerstra\u00dfe 39, 80687 M\u00fcnchen, www.kvb.de<\/p>\n<!-- \/wp:paragraph -->\n\n<!-- wp:paragraph -->\n<p>Berufsrechtliche Regelungen:<br>Berufsordnung f\u00fcr die \u00c4rzte Bayerns v. 2005, Heilberufe-Kammergesetz v. 2002 einzusehen im Internet auf den Seiten der Landes\u00e4rztekammer unter www.blaek.de.<br><\/p>\n<!-- \/wp:paragraph -->\n\n<!-- wp:paragraph -->\n<p><strong>Verantwortlicher f\u00fcr journalistisch-redaktionelle Inhalte gem. \u00a7 55 II RstV:<\/strong><br><\/p>\n<!-- \/wp:paragraph -->\n\n<!-- wp:paragraph -->\n<p>Frau Dr. med. Annette Strobel<\/p>\n<!-- \/wp:paragraph -->\n\n<!-- wp:paragraph -->\n<p>Praxis Dr. Strobel<br>Dorfstr. 56<br>D-91056 Erlangen<br><\/p>\n<!-- \/wp:paragraph -->\n\n<!-- wp:paragraph -->\n<p><br><strong>Teilnahme an Streitbeilegungsverfahren vor Verbraucherschlichtungsstellen<\/strong><br><br>Wir nehmen nicht an einem Streitbeilegungsverfahren vor einer Verbraucherschlichtungsstelle teil. Das Gesetz \u00fcber die alternative Streitbeilegung in Verbrauchersachen fordert aber, dass wir Sie trotzdem auf eine f\u00fcr Sie zust\u00e4ndige Verbraucherschlichtungsstelle hinweisen:<br><br>Allgemeine Verbraucherschlichtungsstelle des Zentrums f\u00fcr Schlichtung e. V.<br>Stra\u00dfburger Str. 8<br>77694 Kehl<br><br>Quelle: www.verbraucher-schlichter.de<\/p>\n<!-- \/wp:paragraph -->\n\n<!-- wp:paragraph -->\n<p><strong>Online-Streitbeilegung gem\u00e4\u00df Art. 14 Abs. 1 ODR-VO<\/strong><br>Die Europ\u00e4ische Kommission stellt eine Plattform zur Online-Streitbeilegung (OS) bereit, die Sie unter <a href=\"http:\/\/ec.europa.eu\/consumers\/odr\/\">http:\/\/ec.europa.eu\/consumers\/odr\/<\/a> finden.<\/p>\n<!-- \/wp:paragraph -->"},"excerpt":{"rendered":"","protected":false,"raw":""},"author":1,"featured_media":0,"parent":0,"menu_order":0,"comment_status":"closed","ping_status":"closed","template":"","meta":{"_de_post_content":"<!-- wp:paragraph -->\n<p>S\u00e4mtliche Inhalte (Texte, Bilder, Code) von http:\/\/www.kinderaerztin-strobel.de sind urheberrechtlich gesch\u00fctzt. Eine unautorisierte Verwendung, ausgenommen hiervon sind die tempor\u00e4ren Kopien des Browsercaches, ist verboten und kann strafrechtliche Schritte nach sich ziehen.<\/p>\n<!-- \/wp:paragraph -->\n\n<!-- wp:paragraph -->\n<p>Pflichtangaben nach \u00a75 TMG:<\/p>\n<!-- \/wp:paragraph -->\n\n<!-- wp:paragraph -->\n<p>Frau Dr. med. Annette Strobel<\/p>\n<!-- \/wp:paragraph -->\n\n<!-- wp:paragraph -->\n<p>Praxis Dr. Strobel<br>Dorfstr. 56<br>D-91056 Erlangen<\/p>\n<!-- \/wp:paragraph -->\n\n<!-- wp:paragraph -->\n<p>Tel. +49 (0) 9131-90590<br>E-Mail: info@kinderaerztin-strobel.de<br>Web: www.kinderaerztin-strobel.de<br>&nbsp;<br>Steuer-Nr. wird aufgrund Datenschutzgr\u00fcnden nur auf Anfrage mitgeteilt.<\/p>\n<!-- \/wp:paragraph -->\n\n<!-- wp:paragraph -->\n<p>Gem\u00e4\u00df \u00a728 BDSG widersprechen wir jeder kommerziellen Verwendung und jeder sonstigen Weitergabe und anderweitigen Ver\u00f6ffentlichung obenstehender Daten.<\/p>\n<!-- \/wp:paragraph -->\n\n<!-- wp:paragraph -->\n<p>Zust\u00e4ndige Kammer:<br>Bayerische Landes\u00e4rztekammer, M\u00fchlbaurstr. 16, 81677 M\u00fcnchen, www.blaek.de<\/p>\n<!-- \/wp:paragraph -->\n\n<!-- wp:paragraph -->\n<p>Berufsbezeichnung:<br>Arzt, Fach\u00e4rztin f\u00fcr Kinderheilkunde und Jugendmedizin (erworben in Deutschland); Zusatzbezeichnung Hom\u00f6opathie.<\/p>\n<!-- \/wp:paragraph -->\n\n<!-- wp:paragraph -->\n<p>Zust\u00e4ndige Aufsichtsbeh\u00f6rde:<br>Kassen\u00e4rztliche Vereinigung Bayerns, Elsenheimerstra\u00dfe 39, 80687 M\u00fcnchen, www.kvb.de<\/p>\n<!-- \/wp:paragraph -->\n\n<!-- wp:paragraph -->\n<p>Berufsrechtliche Regelungen:<br>Berufsordnung f\u00fcr die \u00c4rzte Bayerns v. 2005, Heilberufe-Kammergesetz v. 2002 einzusehen im Internet auf den Seiten der Landes\u00e4rztekammer unter www.blaek.de.<br><\/p>\n<!-- \/wp:paragraph -->\n\n<!-- wp:paragraph -->\n<p><strong>Verantwortlicher f\u00fcr journalistisch-redaktionelle Inhalte gem. \u00a7 55 II RstV:<\/strong><br><\/p>\n<!-- \/wp:paragraph -->\n\n<!-- wp:paragraph -->\n<p>Frau Dr. med. Annette Strobel<\/p>\n<!-- \/wp:paragraph -->\n\n<!-- wp:paragraph -->\n<p>Praxis Dr. Strobel<br>Dorfstr. 56<br>D-91056 Erlangen<br><\/p>\n<!-- \/wp:paragraph -->\n\n<!-- wp:paragraph -->\n<p><br><strong>Teilnahme an Streitbeilegungsverfahren vor Verbraucherschlichtungsstellen<\/strong><br><br>Wir nehmen nicht an einem Streitbeilegungsverfahren vor einer Verbraucherschlichtungsstelle teil. Das Gesetz \u00fcber die alternative Streitbeilegung in Verbrauchersachen fordert aber, dass wir Sie trotzdem auf eine f\u00fcr Sie zust\u00e4ndige Verbraucherschlichtungsstelle hinweisen:<br><br>Allgemeine Verbraucherschlichtungsstelle des Zentrums f\u00fcr Schlichtung e. V.<br>Stra\u00dfburger Str. 8<br>77694 Kehl<br><br>Quelle: www.verbraucher-schlichter.de<\/p>\n<!-- \/wp:paragraph -->\n\n<!-- wp:paragraph -->\n<p><strong>Online-Streitbeilegung gem\u00e4\u00df Art. 14 Abs. 1 ODR-VO<\/strong><br>Die Europ\u00e4ische Kommission stellt eine Plattform zur Online-Streitbeilegung (OS) bereit, die Sie unter <a href=\"http:\/\/ec.europa.eu\/consumers\/odr\/\">http:\/\/ec.europa.eu\/consumers\/odr\/<\/a> finden.<\/p>\n<!-- \/wp:paragraph -->","_de_post_name":"impressum","_de_post_excerpt":"","_de_post_title":"Impressum","_en_post_content":"<!-- wp:paragraph -->\n<p>(legally binding is the german version)<\/p>\n<!-- \/wp:paragraph -->\n\n<!-- wp:paragraph -->\n<p>S\u00e4mtliche Inhalte (Texte, Bilder, Code) von http:\/\/www.kinderaerztin-strobel.de sind urheberrechtlich gesch\u00fctzt. Eine unautorisierte Verwendung, ausgenommen hiervon sind die tempor\u00e4ren Kopien des Browsercaches, ist verboten und kann strafrechtliche Schritte nach sich ziehen.<\/p>\n<!-- \/wp:paragraph -->\n\n<!-- wp:paragraph -->\n<p>Pflichtangaben nach \u00a75 TMG:<\/p>\n<!-- \/wp:paragraph -->\n\n<!-- wp:paragraph -->\n<p>Frau Dr. med. Annette Strobel<\/p>\n<!-- \/wp:paragraph -->\n\n<!-- wp:paragraph -->\n<p>Praxis Dr. Strobel<br>Dorfstr. 56<br>D-91056 Erlangen<\/p>\n<!-- \/wp:paragraph -->\n\n<!-- wp:paragraph -->\n<p>Tel. +49 (0) 9131-90590<br>E-Mail: info@kinderaerztin-strobel.de<br>Web: www.kinderaerztin-strobel.de<br>&nbsp;<br>Steuer-Nr. wird aufgrund Datenschutzgr\u00fcnden nur auf Anfrage mitgeteilt.<\/p>\n<!-- \/wp:paragraph -->\n\n<!-- wp:paragraph -->\n<p>Gem\u00e4\u00df \u00a728 BDSG widersprechen wir jeder kommerziellen Verwendung und jeder sonstigen Weitergabe und anderweitigen Ver\u00f6ffentlichung obenstehender Daten.<\/p>\n<!-- \/wp:paragraph -->\n\n<!-- wp:paragraph -->\n<p>Zust\u00e4ndige Kammer:<br>Bayerische Landes\u00e4rztekammer, M\u00fchlbaurstr. 16, 81677 M\u00fcnchen, www.blaek.de<\/p>\n<!-- \/wp:paragraph -->\n\n<!-- wp:paragraph -->\n<p>Berufsbezeichnung:<br>Arzt, Fach\u00e4rztin f\u00fcr Kinderheilkunde und Jugendmedizin (erworben in Deutschland); Zusatzbezeichnung Hom\u00f6opathie.<\/p>\n<!-- \/wp:paragraph -->\n\n<!-- wp:paragraph -->\n<p>Zust\u00e4ndige Aufsichtsbeh\u00f6rde:<br>Kassen\u00e4rztliche Vereinigung Bayerns, Elsenheimerstra\u00dfe 39, 80687 M\u00fcnchen, www.kvb.de<\/p>\n<!-- \/wp:paragraph -->\n\n<!-- wp:paragraph -->\n<p>Berufsrechtliche Regelungen:<br>Berufsordnung f\u00fcr die \u00c4rzte Bayerns v. 2005, Heilberufe-Kammergesetz v. 2002 einzusehen im Internet auf den Seiten der Landes\u00e4rztekammer unter www.blaek.de.<br><\/p>\n<!-- \/wp:paragraph -->\n\n<!-- wp:paragraph -->\n<p><strong>Verantwortlicher f\u00fcr journalistisch-redaktionelle Inhalte gem. \u00a7 55 II RstV:<\/strong><br><\/p>\n<!-- \/wp:paragraph -->\n\n<!-- wp:paragraph -->\n<p>Frau Dr. med. Annette Strobel<\/p>\n<!-- \/wp:paragraph -->\n\n<!-- wp:paragraph -->\n<p>Praxis Dr. Strobel<br>Dorfstr. 56<br>D-91056 Erlangen<br><\/p>\n<!-- \/wp:paragraph -->\n\n<!-- wp:paragraph -->\n<p><br><strong>Teilnahme an Streitbeilegungsverfahren vor Verbraucherschlichtungsstellen<\/strong><br><br>Wir nehmen nicht an einem Streitbeilegungsverfahren vor einer Verbraucherschlichtungsstelle teil. Das Gesetz \u00fcber die alternative Streitbeilegung in Verbrauchersachen fordert aber, dass wir Sie trotzdem auf eine f\u00fcr Sie zust\u00e4ndige Verbraucherschlichtungsstelle hinweisen:<br><br>Allgemeine Verbraucherschlichtungsstelle des Zentrums f\u00fcr Schlichtung e. V.<br>Stra\u00dfburger Str. 8<br>77694 Kehl<br><br>Quelle: www.verbraucher-schlichter.de<\/p>\n<!-- \/wp:paragraph -->\n\n<!-- wp:paragraph -->\n<p><strong>Online-Streitbeilegung gem\u00e4\u00df Art. 14 Abs. 1 ODR-VO<\/strong><br>Die Europ\u00e4ische Kommission stellt eine Plattform zur Online-Streitbeilegung (OS) bereit, die Sie unter <a href=\"http:\/\/ec.europa.eu\/consumers\/odr\/\">http:\/\/ec.europa.eu\/consumers\/odr\/<\/a> finden.<\/p>\n<!-- \/wp:paragraph -->","_en_post_name":"","_en_post_excerpt":"","_en_post_title":"Imprint","edit_language":"en","footnotes":""},"class_list":["post-14","page","type-page","status-publish","hentry","post"],"_links":{"self":[{"href":"https:\/\/www.kinderaerztin-strobel.de\/en\/wp-json\/wp\/v2\/pages\/14","targetHints":{"allow":["GET"]}}],"collection":[{"href":"https:\/\/www.kinderaerztin-strobel.de\/en\/wp-json\/wp\/v2\/pages"}],"about":[{"href":"https:\/\/www.kinderaerztin-strobel.de\/en\/wp-json\/wp\/v2\/types\/page"}],"author":[{"embeddable":true,"href":"https:\/\/www.kinderaerztin-strobel.de\/en\/wp-json\/wp\/v2\/users\/1"}],"replies":[{"embeddable":true,"href":"https:\/\/www.kinderaerztin-strobel.de\/en\/wp-json\/wp\/v2\/comments?post=14"}],"version-history":[{"count":3,"href":"https:\/\/www.kinderaerztin-strobel.de\/en\/wp-json\/wp\/v2\/pages\/14\/revisions"}],"predecessor-version":[{"id":73,"href":"https:\/\/www.kinderaerztin-strobel.de\/en\/wp-json\/wp\/v2\/pages\/14\/revisions\/73"}],"wp:attachment":[{"href":"https:\/\/www.kinderaerztin-strobel.de\/en\/wp-json\/wp\/v2\/media?parent=14"}],"curies":[{"name":"wp","href":"https:\/\/api.w.org\/{rel}","templated":true}]}}