{"id":131,"date":"2023-09-03T18:11:33","date_gmt":"2023-09-03T18:11:33","guid":{"rendered":"https:\/\/kinderarzt-strobel.de\/?page_id=131"},"modified":"2023-09-11T19:31:14","modified_gmt":"2023-09-11T19:31:14","slug":"","status":"publish","type":"page","link":"https:\/\/www.kinderaerztin-strobel.de\/en\/leistungsspektrum\/","title":{"rendered":"Service range","raw":"Service range"},"content":{"rendered":"\n<p>Allopathy (conventional medicine), acute homeopathy<\/p>\n\n\n\n<div class=\"wp-block-columns is-layout-flex wp-container-core-columns-is-layout-9d6595d7 wp-block-columns-is-layout-flex\">\n<div class=\"wp-block-column is-layout-flow wp-block-column-is-layout-flow\" style=\"flex-basis:66.66%\">\n<p>DMP asthma, small asthma training courses<\/p>\n\n\n\n<p>medical check-ups U2-U9, J1<br>New preventive medical check-ups U10, U11, J2<br>Youth occupational health examinations<\/p>\n\n\n\n<p>laboratory diagnostics, ECG<br>Operation preparation<\/p>\n\n\n\n<p>Eye tests-Plusoptix<br>Hearing test (pilot test, sound audiometry)<br>sonography abdomen, kidneys, hips, thyroid gland<br>Lung function, allergy testing, hyposensitization<\/p>\n\n\n\n<p>child development diagnostics<\/p>\n\n\n\n<p>Medical consultation and vaccination for long-distance travel<\/p>\n<\/div>\n\n\n\n<div class=\"wp-block-column is-vertically-aligned-center is-layout-flow wp-block-column-is-layout-flow\" style=\"flex-basis:33.33%\"><div class=\"wp-block-image\">\n<figure class=\"aligncenter size-full is-resized\"><img loading=\"lazy\" decoding=\"async\" src=\"https:\/\/kinderarzt-strobel.de\/wp-content\/uploads\/2023\/09\/fieber.jpg\" alt=\"\" class=\"wp-image-135\" style=\"width:90px;height:256px\" width=\"90\" height=\"256\"\/><\/figure>\n<\/div>\n\n<div class=\"wp-block-image\">\n<figure class=\"aligncenter size-full is-resized\"><img loading=\"lazy\" decoding=\"async\" src=\"https:\/\/kinderarzt-strobel.de\/wp-content\/uploads\/2023\/09\/stetoskop.jpg\" alt=\"\" class=\"wp-image-136\" style=\"width:171px;height:194px\" width=\"171\" height=\"194\"\/><\/figure>\n<\/div><\/div>\n<\/div>\n\n\n\n<hr class=\"wp-block-separator has-alpha-channel-opacity is-style-dots\"\/>\n\n\n\n<p>We participate in the following contracts, among others:<\/p>\n\n\n\n<ul class=\"wp-block-list\">\n<li>AOK &#8211; Kinder\u00e4rztevertrag (PzV) | Telemedizin<\/li>\n\n\n\n<li>Barmer \/ GEK &#8211; Vertrag<\/li>\n\n\n\n<li>BKK &#8211; &#8220;Starke Kids&#8221;-Vertrag<\/li>\n<\/ul>\n\n\n\n<p><strong>New preventive medical checkups<\/strong><br>There is a large gap between the U9 (at age 5) and J1 (at age 12) checkups. For this reason, the German Association of Pediatricians and Adolescents, together with recognized experts in developmental neurology and adolescent medicine, developed new preventive examinations in 2006.<\/p>\n\n\n\n<p>On the one hand, this involves physical examinations from head to toe, including vision and hearing screening, and on the other, clarification of movement and speech development, social and emotional development. The screenings are prepared using standardized questionnaires. In addition, if necessary, there are discussions about social or psychological areas such as school, media consumption, exercise behavior, weight problems, risk of addiction, relationships and sexuality.<\/p>\n\n\n\n<p>The time limits for the new screenings are:<br>U10: at age 7-8 (1<sup>st<\/sup> day before 9<sup>th<\/sup> birthday).<br>U11: with 9-10 years (1<sup>st<\/sup> day before 11<sup>th<\/sup> birthday)<br>J2: with 16-17 years (1<sup>st<\/sup> day before 18<sup>th<\/sup> birthday)<\/p>\n\n\n\n<p>Many health insurance companies already cover the costs through special contracts. Private health insurance companies already pay for one screening examination per year up to the 14<sup>th<\/sup> birthday.<\/p>\n","protected":false,"raw":"<!-- wp:paragraph -->\n<p>Allopathy (conventional medicine), acute homeopathy<\/p>\n<!-- \/wp:paragraph -->\n\n<!-- wp:columns -->\n<div class=\"wp-block-columns\"><!-- wp:column {\"width\":\"66.66%\"} -->\n<div class=\"wp-block-column\" style=\"flex-basis:66.66%\"><!-- wp:paragraph -->\n<p>DMP asthma, small asthma training courses<\/p>\n<!-- \/wp:paragraph -->\n\n<!-- wp:paragraph -->\n<p>medical check-ups U2-U9, J1<br>New preventive medical check-ups U10, U11, J2<br>Youth occupational health examinations<\/p>\n<!-- \/wp:paragraph -->\n\n<!-- wp:paragraph -->\n<p>laboratory diagnostics, ECG<br>Operation preparation<\/p>\n<!-- \/wp:paragraph -->\n\n<!-- wp:paragraph -->\n<p>Eye tests-Plusoptix<br>Hearing test (pilot test, sound audiometry)<br>sonography abdomen, kidneys, hips, thyroid gland<br>Lung function, allergy testing, hyposensitization<\/p>\n<!-- \/wp:paragraph -->\n\n<!-- wp:paragraph -->\n<p>child development diagnostics<\/p>\n<!-- \/wp:paragraph -->\n\n<!-- wp:paragraph -->\n<p>Medical consultation and vaccination for long-distance travel<\/p>\n<!-- \/wp:paragraph --><\/div>\n<!-- \/wp:column -->\n\n<!-- wp:column {\"verticalAlignment\":\"center\",\"width\":\"33.33%\"} -->\n<div class=\"wp-block-column is-vertically-aligned-center\" style=\"flex-basis:33.33%\"><!-- wp:image {\"align\":\"center\",\"id\":135,\"width\":90,\"height\":256,\"sizeSlug\":\"full\",\"linkDestination\":\"none\"} -->\n<figure class=\"wp-block-image aligncenter size-full is-resized\"><img src=\"https:\/\/kinderarzt-strobel.de\/wp-content\/uploads\/2023\/09\/fieber.jpg\" alt=\"\" class=\"wp-image-135\" style=\"width:90px;height:256px\" width=\"90\" height=\"256\"\/><\/figure>\n<!-- \/wp:image -->\n\n<!-- wp:image {\"align\":\"center\",\"id\":136,\"width\":171,\"height\":194,\"sizeSlug\":\"full\",\"linkDestination\":\"none\"} -->\n<figure class=\"wp-block-image aligncenter size-full is-resized\"><img src=\"https:\/\/kinderarzt-strobel.de\/wp-content\/uploads\/2023\/09\/stetoskop.jpg\" alt=\"\" class=\"wp-image-136\" style=\"width:171px;height:194px\" width=\"171\" height=\"194\"\/><\/figure>\n<!-- \/wp:image --><\/div>\n<!-- \/wp:column --><\/div>\n<!-- \/wp:columns -->\n\n<!-- wp:separator {\"className\":\"is-style-dots\"} -->\n<hr class=\"wp-block-separator has-alpha-channel-opacity is-style-dots\"\/>\n<!-- \/wp:separator -->\n\n<!-- wp:paragraph -->\n<p>We participate in the following contracts, among others:<\/p>\n<!-- \/wp:paragraph -->\n\n<!-- wp:list -->\n<ul><!-- wp:list-item -->\n<li>AOK - Kinder\u00e4rztevertrag (PzV) | Telemedizin<\/li>\n<!-- \/wp:list-item -->\n\n<!-- wp:list-item -->\n<li>Barmer \/ GEK - Vertrag<\/li>\n<!-- \/wp:list-item -->\n\n<!-- wp:list-item -->\n<li>BKK - \"Starke Kids\"-Vertrag<\/li>\n<!-- \/wp:list-item --><\/ul>\n<!-- \/wp:list -->\n\n<!-- wp:paragraph -->\n<p><strong>New preventive medical checkups<\/strong><br>There is a large gap between the U9 (at age 5) and J1 (at age 12) checkups. For this reason, the German Association of Pediatricians and Adolescents, together with recognized experts in developmental neurology and adolescent medicine, developed new preventive examinations in 2006.<\/p>\n<!-- \/wp:paragraph -->\n\n<!-- wp:paragraph -->\n<p>On the one hand, this involves physical examinations from head to toe, including vision and hearing screening, and on the other, clarification of movement and speech development, social and emotional development. The screenings are prepared using standardized questionnaires. In addition, if necessary, there are discussions about social or psychological areas such as school, media consumption, exercise behavior, weight problems, risk of addiction, relationships and sexuality.<\/p>\n<!-- \/wp:paragraph -->\n\n<!-- wp:paragraph -->\n<p>The time limits for the new screenings are:<br>U10: at age 7-8 (1<sup>st<\/sup> day before 9<sup>th<\/sup> birthday).<br>U11: with 9-10 years (1<sup>st<\/sup> day before 11<sup>th<\/sup> birthday)<br>J2: with 16-17 years (1<sup>st<\/sup> day before 18<sup>th<\/sup> birthday)<\/p>\n<!-- \/wp:paragraph -->\n\n<!-- wp:paragraph -->\n<p>Many health insurance companies already cover the costs through special contracts. Private health insurance companies already pay for one screening examination per year up to the 14<sup>th<\/sup> birthday.<\/p>\n<!-- \/wp:paragraph -->"},"excerpt":{"rendered":"","protected":false,"raw":""},"author":1,"featured_media":0,"parent":0,"menu_order":0,"comment_status":"closed","ping_status":"closed","template":"","meta":{"_de_post_content":"<!-- wp:paragraph -->\n<p><span class=\"normal\">Allopathie (Schulmedizin), Akut Hom\u00f6opathie <\/span> <\/p>\n<!-- \/wp:paragraph -->\n\n<!-- wp:columns -->\n<div class=\"wp-block-columns\"><!-- wp:column {\"width\":\"66.66%\"} -->\n<div class=\"wp-block-column\" style=\"flex-basis:66.66%\"><!-- wp:paragraph -->\n<p>DMP Asthma, kleine Asthmaschulungen<\/p>\n<!-- \/wp:paragraph -->\n\n<!-- wp:paragraph -->\n<p>kassen\u00e4rztliche Vorsorgeuntersuchungen U2-U9, J1<br>Neue Vorsorgeuntersuchungen U10, U11, J2<br>Jugendarbeitsschutzuntersuchungen<\/p>\n<!-- \/wp:paragraph -->\n\n<!-- wp:paragraph -->\n<p>Labordiagnostik, EKG<br>Operations-Vorbereitung<\/p>\n<!-- \/wp:paragraph -->\n\n<!-- wp:paragraph -->\n<p>Sehtests-Plusoptix<br>H\u00f6rtest (Pilotentest, Tonaudiometrie)<br>Sonografie Bauch, Nieren, H\u00fcften, Schilddr\u00fcse<br>Lungenfunktion, Allergietestung, Hyposensibilisierung<\/p>\n<!-- \/wp:paragraph -->\n\n<!-- wp:paragraph -->\n<p>Entwicklungsdiagnostik<\/p>\n<!-- \/wp:paragraph -->\n\n<!-- wp:paragraph -->\n<p>Medizinische Beratung und Impfung bei Fernreise<\/p>\n<!-- \/wp:paragraph --><\/div>\n<!-- \/wp:column -->\n\n<!-- wp:column {\"verticalAlignment\":\"center\",\"width\":\"33.33%\"} -->\n<div class=\"wp-block-column is-vertically-aligned-center\" style=\"flex-basis:33.33%\"><!-- wp:image {\"align\":\"center\",\"id\":135,\"width\":90,\"height\":256,\"sizeSlug\":\"full\",\"linkDestination\":\"none\"} -->\n<figure class=\"wp-block-image aligncenter size-full is-resized\"><img src=\"https:\/\/kinderarzt-strobel.de\/wp-content\/uploads\/2023\/09\/fieber.jpg\" alt=\"\" class=\"wp-image-135\" style=\"width:90px;height:256px\" width=\"90\" height=\"256\"\/><\/figure>\n<!-- \/wp:image -->\n\n<!-- wp:image {\"align\":\"center\",\"id\":136,\"width\":171,\"height\":194,\"sizeSlug\":\"full\",\"linkDestination\":\"none\"} -->\n<figure class=\"wp-block-image aligncenter size-full is-resized\"><img src=\"https:\/\/kinderarzt-strobel.de\/wp-content\/uploads\/2023\/09\/stetoskop.jpg\" alt=\"\" class=\"wp-image-136\" style=\"width:171px;height:194px\" width=\"171\" height=\"194\"\/><\/figure>\n<!-- \/wp:image --><\/div>\n<!-- \/wp:column --><\/div>\n<!-- \/wp:columns -->\n\n<!-- wp:separator {\"className\":\"is-style-dots\"} -->\n<hr class=\"wp-block-separator has-alpha-channel-opacity is-style-dots\"\/>\n<!-- \/wp:separator -->\n\n<!-- wp:paragraph -->\n<p>Wir nehmen u.a. teil an folgenden Vertr\u00e4gen:<\/p>\n<!-- \/wp:paragraph -->\n\n<!-- wp:list -->\n<ul><!-- wp:list-item -->\n<li>AOK - Kinder\u00e4rztevertrag (PzV) | Telemedizin<\/li>\n<!-- \/wp:list-item -->\n\n<!-- wp:list-item -->\n<li>Barmer \/ GEK - Vertrag<\/li>\n<!-- \/wp:list-item -->\n\n<!-- wp:list-item -->\n<li>BKK - \"Starke Kids\"-Vertrag<\/li>\n<!-- \/wp:list-item --><\/ul>\n<!-- \/wp:list -->\n\n<!-- wp:separator {\"className\":\"is-style-dots\"} -->\n<hr class=\"wp-block-separator has-alpha-channel-opacity is-style-dots\"\/>\n<!-- \/wp:separator -->\n\n<!-- wp:paragraph {\"align\":\"left\"} -->\n<p class=\"has-text-align-left\"><strong>Neue Vorsorgeuntersuchungen<\/strong><br>Zwischen der Vorsorgeuntersuchungen der U9 (mit 5 Jahren) und J1 (mit 12 Jahren) klafft eine gro\u00dfe L\u00fccke. Deswegen hat der Berufsverband der Kinder- und Jugend\u00e4rzte Deutschlands zusammen mit anerkannten Experten f\u00fcr Entwicklungsneurologie und Jugendmedizin im Jahr 2006 neue Vorsorgen entwickelt.<\/p>\n<!-- \/wp:paragraph -->\n\n<!-- wp:paragraph {\"align\":\"left\"} -->\n<p class=\"has-text-align-left\">Es geht dabei zum einen um die k\u00f6rperliche Untersuchung von Kopf bis Fu\u00df einschlie\u00dflich eines Seh- und H\u00f6rscreenings, zum anderen um die Abkl\u00e4rung von Bewegungs- und Sprachentwicklung, sozialer und emontionaler Entwicklung. Die Vorsorgeuntersuchungen werden anhand standardisierter Frageb\u00f6gen vorbereitet. Dazu kommen bei Bedarf Gespr\u00e4che \u00fcber soziale oder seelische Bereiche wie Schule, Medienkonsum, Bewegungsverhalten, Gewichtsprobleme, Suchtgefahr, Beziehung und Sexualit\u00e4t.<\/p>\n<!-- \/wp:paragraph -->\n\n<!-- wp:paragraph {\"align\":\"left\"} -->\n<p class=\"has-text-align-left\">Die Zeitgrenzen f\u00fcr die neuen Vorsorgeuntersuchungen sind:<br>U10: mit 7-8 Jahren (1. Tag vor 9. Geburtstag)<br>U11: mit 9-10 Jahren (1. Tag vor 11. Geburtstag)<br>J2: mit 16-17 Jahren (1. Tag vor 18. Geburtstag)<\/p>\n<!-- \/wp:paragraph -->\n\n<!-- wp:paragraph {\"align\":\"left\"} -->\n<p class=\"has-text-align-left\">Viele Krankenkassen \u00fcbernehmen \u00fcber spezielle Vertr\u00e4ge bereits die Kosten. Private Kassen zahlen bereits jetzt bis zum 14. Geburtstag eine Vorsorgeuntersuchung pro Jahr.<\/p>\n<!-- \/wp:paragraph -->","_de_post_name":"leistungsspektrum","_de_post_excerpt":"","_de_post_title":"Leistungsspektrum","_en_post_content":"<!-- wp:paragraph -->\n<p>Allopathy (conventional medicine), acute homeopathy<\/p>\n<!-- \/wp:paragraph -->\n\n<!-- wp:columns -->\n<div class=\"wp-block-columns\"><!-- wp:column {\"width\":\"66.66%\"} -->\n<div class=\"wp-block-column\" style=\"flex-basis:66.66%\"><!-- wp:paragraph -->\n<p>DMP asthma, small asthma training courses<\/p>\n<!-- \/wp:paragraph -->\n\n<!-- wp:paragraph -->\n<p>medical check-ups U2-U9, J1<br>New preventive medical check-ups U10, U11, J2<br>Youth occupational health examinations<\/p>\n<!-- \/wp:paragraph -->\n\n<!-- wp:paragraph -->\n<p>laboratory diagnostics, ECG<br>Operation preparation<\/p>\n<!-- \/wp:paragraph -->\n\n<!-- wp:paragraph -->\n<p>Eye tests-Plusoptix<br>Hearing test (pilot test, sound audiometry)<br>sonography abdomen, kidneys, hips, thyroid gland<br>Lung function, allergy testing, hyposensitization<\/p>\n<!-- \/wp:paragraph -->\n\n<!-- wp:paragraph -->\n<p>child development diagnostics<\/p>\n<!-- \/wp:paragraph -->\n\n<!-- wp:paragraph -->\n<p>Medical consultation and vaccination for long-distance travel<\/p>\n<!-- \/wp:paragraph --><\/div>\n<!-- \/wp:column -->\n\n<!-- wp:column {\"verticalAlignment\":\"center\",\"width\":\"33.33%\"} -->\n<div class=\"wp-block-column is-vertically-aligned-center\" style=\"flex-basis:33.33%\"><!-- wp:image {\"align\":\"center\",\"id\":135,\"width\":90,\"height\":256,\"sizeSlug\":\"full\",\"linkDestination\":\"none\"} -->\n<figure class=\"wp-block-image aligncenter size-full is-resized\"><img src=\"https:\/\/kinderarzt-strobel.de\/wp-content\/uploads\/2023\/09\/fieber.jpg\" alt=\"\" class=\"wp-image-135\" style=\"width:90px;height:256px\" width=\"90\" height=\"256\"\/><\/figure>\n<!-- \/wp:image -->\n\n<!-- wp:image {\"align\":\"center\",\"id\":136,\"width\":171,\"height\":194,\"sizeSlug\":\"full\",\"linkDestination\":\"none\"} -->\n<figure class=\"wp-block-image aligncenter size-full is-resized\"><img src=\"https:\/\/kinderarzt-strobel.de\/wp-content\/uploads\/2023\/09\/stetoskop.jpg\" alt=\"\" class=\"wp-image-136\" style=\"width:171px;height:194px\" width=\"171\" height=\"194\"\/><\/figure>\n<!-- \/wp:image --><\/div>\n<!-- \/wp:column --><\/div>\n<!-- \/wp:columns -->\n\n<!-- wp:separator {\"className\":\"is-style-dots\"} -->\n<hr class=\"wp-block-separator has-alpha-channel-opacity is-style-dots\"\/>\n<!-- \/wp:separator -->\n\n<!-- wp:paragraph -->\n<p>We participate in the following contracts, among others:<\/p>\n<!-- \/wp:paragraph -->\n\n<!-- wp:list -->\n<ul><!-- wp:list-item -->\n<li>AOK - Kinder\u00e4rztevertrag (PzV) | Telemedizin<\/li>\n<!-- \/wp:list-item -->\n\n<!-- wp:list-item -->\n<li>Barmer \/ GEK - Vertrag<\/li>\n<!-- \/wp:list-item -->\n\n<!-- wp:list-item -->\n<li>BKK - \"Starke Kids\"-Vertrag<\/li>\n<!-- \/wp:list-item --><\/ul>\n<!-- \/wp:list -->\n\n<!-- wp:paragraph -->\n<p><strong>New preventive medical checkups<\/strong><br>There is a large gap between the U9 (at age 5) and J1 (at age 12) checkups. For this reason, the German Association of Pediatricians and Adolescents, together with recognized experts in developmental neurology and adolescent medicine, developed new preventive examinations in 2006.<\/p>\n<!-- \/wp:paragraph -->\n\n<!-- wp:paragraph -->\n<p>On the one hand, this involves physical examinations from head to toe, including vision and hearing screening, and on the other, clarification of movement and speech development, social and emotional development. The screenings are prepared using standardized questionnaires. In addition, if necessary, there are discussions about social or psychological areas such as school, media consumption, exercise behavior, weight problems, risk of addiction, relationships and sexuality.<\/p>\n<!-- \/wp:paragraph -->\n\n<!-- wp:paragraph -->\n<p>The time limits for the new screenings are:<br>U10: at age 7-8 (1<sup>st<\/sup> day before 9<sup>th<\/sup> birthday).<br>U11: with 9-10 years (1<sup>st<\/sup> day before 11<sup>th<\/sup> birthday)<br>J2: with 16-17 years (1<sup>st<\/sup> day before 18<sup>th<\/sup> birthday)<\/p>\n<!-- \/wp:paragraph -->\n\n<!-- wp:paragraph -->\n<p>Many health insurance companies already cover the costs through special contracts. Private health insurance companies already pay for one screening examination per year up to the 14<sup>th<\/sup> birthday.<\/p>\n<!-- \/wp:paragraph -->","_en_post_name":"","_en_post_excerpt":"","_en_post_title":"Service range","edit_language":"en","footnotes":""},"class_list":["post-131","page","type-page","status-publish","hentry","post"],"_links":{"self":[{"href":"https:\/\/www.kinderaerztin-strobel.de\/en\/wp-json\/wp\/v2\/pages\/131","targetHints":{"allow":["GET"]}}],"collection":[{"href":"https:\/\/www.kinderaerztin-strobel.de\/en\/wp-json\/wp\/v2\/pages"}],"about":[{"href":"https:\/\/www.kinderaerztin-strobel.de\/en\/wp-json\/wp\/v2\/types\/page"}],"author":[{"embeddable":true,"href":"https:\/\/www.kinderaerztin-strobel.de\/en\/wp-json\/wp\/v2\/users\/1"}],"replies":[{"embeddable":true,"href":"https:\/\/www.kinderaerztin-strobel.de\/en\/wp-json\/wp\/v2\/comments?post=131"}],"version-history":[{"count":10,"href":"https:\/\/www.kinderaerztin-strobel.de\/en\/wp-json\/wp\/v2\/pages\/131\/revisions"}],"predecessor-version":[{"id":299,"href":"https:\/\/www.kinderaerztin-strobel.de\/en\/wp-json\/wp\/v2\/pages\/131\/revisions\/299"}],"wp:attachment":[{"href":"https:\/\/www.kinderaerztin-strobel.de\/en\/wp-json\/wp\/v2\/media?parent=131"}],"curies":[{"name":"wp","href":"https:\/\/api.w.org\/{rel}","templated":true}]}}